{"id":1904,"date":"2016-07-15T17:23:14","date_gmt":"2016-07-15T15:23:14","guid":{"rendered":"https:\/\/www.garteln-in-wien.at\/selbst-garteln\/"},"modified":"2024-05-16T13:26:26","modified_gmt":"2024-05-16T11:26:26","slug":"selbst-garteln","status":"publish","type":"page","link":"https:\/\/www.garteln-in-wien.at\/en\/selbst-garteln\/","title":{"rendered":"Gardening"},"content":{"rendered":"<p>In Vienna, there are many possibilities for people without private gardens, and renting a 20 \u2013 80 m<sup>2<\/sup> <u><a href=\"https:\/\/www.garteln-in-wien.at\/en\/vegetable-plots-for-rent\/\">Gem\u00fcsepachtparzelle<\/a><\/u> (vegetable plots for rent) from an agricultural business is one of them. Tenants are chosen each gardening season, and are supported with expert advice, assistance, and equipment, depending on the location and provider. Every plot is farmed organically.<\/p>\n<p>For those who are more interested in building communal relationships than growing their own vegetables, there are opportunities to participate in a range of <u><a href=\"https:\/\/www.garteln-in-wien.at\/en\/community-gardens\/\">community gardens<\/a><\/u>, to work together with people of different backgrounds and generations to create green spaces. In part, these projects are carried out by the <a href=\"https:\/\/www.garteln-in-wien.at\/en\/gebietsbetreuungen-stadterneuerung-kurz-gb\/\">Gebietsbetreuung Stadterneuerung<\/a> (Urban Renewal Office), <u><a href=\"https:\/\/www.garteln-in-wien.at\/en\/agenda-21\/\">Agenda 21<\/a><\/u>, <u><a href=\"https:\/\/www.garteln-in-wien.at\/en\/gartenpolylog\/\">Gartenpolylog<\/a><\/u>, and other organizations.<\/p>\n<p>Those who want to contribute to improving the living environment can do so by sponsoring small green spaces (up to 50 m<sup>2<\/sup>) with the \u201cGardening Around the Corner\u201d (<u><a href=\"https:\/\/www.garteln-in-wien.at\/en\/garteln-ums-eck\/\">Garteln ums Eck<\/a><\/u>) program. In addition, there are creative garden initiatives in public places, which use vertical surfaces or home-made planters for gardening, as well as <u><a href=\"https:\/\/www.garteln-in-wien.at\/en\/gartenangebote-fuer-kinder\/\">initiatives just for children<\/a><\/u>.<\/p>\n<p>Even without the coordination of the Urban Renewal Office, people still find ways to grow and harvest fresh produce in Vienna. Examples include \u201c<u><a href=\"https:\/\/www.garteln-in-wien.at\/en\/obst-im-oeffentlichen-raum\/\">Fruit in Public Spaces<\/a><\/u>\u201d, in which public areas are cultivated and harvested independently.<\/p>\n<div id=\"tw-target-text-container\" class=\"tw-ta-container F0azHf tw-nfl\">\n<p id=\"tw-target-text\" class=\"tw-data-text tw-text-large tw-ta\" dir=\"ltr\" data-placeholder=\"\u00dcbersetzung\" aria-label=\"\u00dcbersetzter Text\" data-ved=\"2ahUKEwiot8PAh5KGAxVPh_0HHYwQCRwQ3ewLegQIBRAT\"><span class=\"Y2IQFc\" lang=\"en\">If you want to focus more on professional vegetable cultivation and self-sufficiency in a self-organized group, you have the opportunity to join one of the <a href=\"https:\/\/www.garteln-in-wien.at\/en\/cma\/\">CMA (Community Made Agriculture)<\/a> initiatives. With the <a href=\"https:\/\/www.garteln-in-wien.at\/en\/wwoof\/\">Wwoof<\/a> organization you can work on farms in exchange for room and board. This option is also available in Vienna.<\/span><\/p>\n<\/div>\n<div id=\"tw-target-rmn-container\" class=\"tw-target-rmn tw-ta-container F0azHf tw-nfl\"><\/div>\n<p>&nbsp;<\/p>\n\n\t\t<style type=\"text\/css\">\n\t\t\t#gallery-1 {\n\t\t\t\tmargin: auto;\n\t\t\t}\n\t\t\t#gallery-1 .gallery-item {\n\t\t\t\tfloat: left;\n\t\t\t\tmargin-top: 10px;\n\t\t\t\ttext-align: center;\n\t\t\t\twidth: 33%;\n\t\t\t}\n\t\t\t#gallery-1 img {\n\t\t\t\tborder: 2px solid #cfcfcf;\n\t\t\t}\n\t\t\t#gallery-1 .gallery-caption {\n\t\t\t\tmargin-left: 0;\n\t\t\t}\n\t\t\t\/* see gallery_shortcode() in wp-includes\/media.php *\/\n\t\t<\/style>\n\t\t<div id='gallery-1' class='gallery galleryid-1904 gallery-columns-3 gallery-size-thumbnail'><dl class='gallery-item'>\n\t\t\t<dt class='gallery-icon landscape'>\n\t\t\t\t<a href='https:\/\/www.garteln-in-wien.at\/en\/7u2a6205-2\/'><img loading=\"lazy\" decoding=\"async\" width=\"150\" height=\"150\" src=\"https:\/\/www.garteln-in-wien.at\/wp-content\/uploads\/2016\/07\/7U2A6205-150x150.jpg\" class=\"attachment-thumbnail size-thumbnail\" alt=\"\" aria-describedby=\"gallery-1-1661\" \/><\/a>\n\t\t\t<\/dt>\n\t\t\t\t<dd class='wp-caption-text gallery-caption' id='gallery-1-1661'>\n\t\t\t\tall 3 dimensions get used at a vegetable plot for rent\n\t\t\t\t<\/dd><\/dl><dl class='gallery-item'>\n\t\t\t<dt class='gallery-icon landscape'>\n\t\t\t\t<a href='https:\/\/www.garteln-in-wien.at\/en\/temporaeres-gartenlabor-im-sonnwendviertel-b2c-media-2\/'><img loading=\"lazy\" decoding=\"async\" width=\"150\" height=\"150\" src=\"https:\/\/www.garteln-in-wien.at\/wp-content\/uploads\/2016\/07\/Tempor\u00e4res-Gartenlabor-im-Sonnwendviertel-\u00a9-b2c-media-150x150.jpg\" class=\"attachment-thumbnail size-thumbnail\" alt=\"\" aria-describedby=\"gallery-1-1652\" \/><\/a>\n\t\t\t<\/dt>\n\t\t\t\t<dd class='wp-caption-text gallery-caption' id='gallery-1-1652'>\n\t\t\t\ttemporary garden labor at the Sonnwendviertel \u00a9 b2c media\n\t\t\t\t<\/dd><\/dl><dl class='gallery-item'>\n\t\t\t<dt class='gallery-icon landscape'>\n\t\t\t\t<a href='https:\/\/www.garteln-in-wien.at\/en\/p1090348-2\/'><img loading=\"lazy\" decoding=\"async\" width=\"150\" height=\"150\" src=\"https:\/\/www.garteln-in-wien.at\/wp-content\/uploads\/2016\/07\/P1090348-150x150.jpg\" class=\"attachment-thumbnail size-thumbnail\" alt=\"\" aria-describedby=\"gallery-1-1469\" \/><\/a>\n\t\t\t<\/dt>\n\t\t\t\t<dd class='wp-caption-text gallery-caption' id='gallery-1-1469'>\n\t\t\t\tfun with the compost\n\t\t\t\t<\/dd><\/dl><br style=\"clear: both\" \/><dl class='gallery-item'>\n\t\t\t<dt class='gallery-icon landscape'>\n\t\t\t\t<a href='https:\/\/www.garteln-in-wien.at\/en\/2012_10_18-sondar-cz-schulklasse-024-2\/'><img loading=\"lazy\" decoding=\"async\" width=\"150\" height=\"150\" src=\"https:\/\/www.garteln-in-wien.at\/wp-content\/uploads\/2016\/07\/2012_10_18-Sondar-CZ-Schulklasse-024-150x150.jpg\" class=\"attachment-thumbnail size-thumbnail\" alt=\"\" aria-describedby=\"gallery-1-1516\" \/><\/a>\n\t\t\t<\/dt>\n\t\t\t\t<dd class='wp-caption-text gallery-caption' id='gallery-1-1516'>\n\t\t\t\tPotato harvest at a workshop at the Bio Forschung Austria\n\t\t\t\t<\/dd><\/dl><dl class='gallery-item'>\n\t\t\t<dt class='gallery-icon landscape'>\n\t\t\t\t<a href='https:\/\/www.garteln-in-wien.at\/en\/garteln-ums-eck\/baumscheibe-ma-25-2\/'><img loading=\"lazy\" decoding=\"async\" width=\"150\" height=\"150\" src=\"https:\/\/www.garteln-in-wien.at\/wp-content\/uploads\/2016\/07\/Baumscheibe-\u00a9-MA-25-150x150.jpg\" class=\"attachment-thumbnail size-thumbnail\" alt=\"\" aria-describedby=\"gallery-1-1649\" \/><\/a>\n\t\t\t<\/dt>\n\t\t\t\t<dd class='wp-caption-text gallery-caption' id='gallery-1-1649'>\n\t\t\t\tGardening around the corner \u00a9 MA 25\n\t\t\t\t<\/dd><\/dl><dl class='gallery-item'>\n\t\t\t<dt class='gallery-icon portrait'>\n\t\t\t\t<a href='https:\/\/www.garteln-in-wien.at\/en\/beispiel-fuer-kreative-pflanzgefaessgestaltung-b2c-media-2\/'><img loading=\"lazy\" decoding=\"async\" width=\"150\" height=\"150\" src=\"https:\/\/www.garteln-in-wien.at\/wp-content\/uploads\/2016\/07\/Beispiel-f\u00fcr-kreative-Pflanzgef\u00e4\u00dfgestaltung-\u00a9-b2c-media-150x150.jpg\" class=\"attachment-thumbnail size-thumbnail\" alt=\"\" aria-describedby=\"gallery-1-1648\" \/><\/a>\n\t\t\t<\/dt>\n\t\t\t\t<dd class='wp-caption-text gallery-caption' id='gallery-1-1648'>\n\t\t\t\texample for creativity  in context af pant beds \u00a9 b2c media\n\t\t\t\t<\/dd><\/dl><br style=\"clear: both\" \/>\n\t\t<\/div>\n\n<p>&nbsp;<\/p>\n<hr \/>\n<p>For contents of external sites we do not take any responsebility; in particular, we take no liability for statements and contents of linked sites.<\/p>\n","protected":false},"excerpt":{"rendered":"<p>In Vienna, there are many possibilities for people without private gardens, and renting a 20 \u2013 80 m2 Gem\u00fcsepachtparzelle (vegetable<\/p>\n","protected":false},"author":3,"featured_media":1737,"parent":0,"menu_order":0,"comment_status":"closed","ping_status":"closed","template":"","meta":{"footnotes":""},"class_list":["post-1904","page","type-page","status-publish","has-post-thumbnail","hentry"],"_links":{"self":[{"href":"https:\/\/www.garteln-in-wien.at\/en\/wp-json\/wp\/v2\/pages\/1904","targetHints":{"allow":["GET"]}}],"collection":[{"href":"https:\/\/www.garteln-in-wien.at\/en\/wp-json\/wp\/v2\/pages"}],"about":[{"href":"https:\/\/www.garteln-in-wien.at\/en\/wp-json\/wp\/v2\/types\/page"}],"author":[{"embeddable":true,"href":"https:\/\/www.garteln-in-wien.at\/en\/wp-json\/wp\/v2\/users\/3"}],"replies":[{"embeddable":true,"href":"https:\/\/www.garteln-in-wien.at\/en\/wp-json\/wp\/v2\/comments?post=1904"}],"version-history":[{"count":9,"href":"https:\/\/www.garteln-in-wien.at\/en\/wp-json\/wp\/v2\/pages\/1904\/revisions"}],"predecessor-version":[{"id":4927,"href":"https:\/\/www.garteln-in-wien.at\/en\/wp-json\/wp\/v2\/pages\/1904\/revisions\/4927"}],"wp:featuredmedia":[{"embeddable":true,"href":"https:\/\/www.garteln-in-wien.at\/en\/wp-json\/wp\/v2\/media\/1737"}],"wp:attachment":[{"href":"https:\/\/www.garteln-in-wien.at\/en\/wp-json\/wp\/v2\/media?parent=1904"}],"curies":[{"name":"wp","href":"https:\/\/api.w.org\/{rel}","templated":true}]}}