{"id":4338,"date":"2024-03-21T12:57:44","date_gmt":"2024-03-21T11:57:44","guid":{"rendered":"https:\/\/www.garteln-in-wien.at\/?page_id=4338"},"modified":"2024-04-30T11:27:54","modified_gmt":"2024-04-30T09:27:54","slug":"garden-initiatives-for-children","status":"publish","type":"page","link":"https:\/\/www.garteln-in-wien.at\/en\/garden-initiatives-for-children\/","title":{"rendered":"Garden Initiatives for Children"},"content":{"rendered":"<p>Practice starts early for those who want to become urban gardeners!<\/p>\n<p>There are a few initiatives, made especially for children, which provide the opportunity for hands-on learning in the garden.<\/p>\n<p>There are other opportunities for children too, such as \u201c<a href=\"http:\/\/www.eule-wien.at\/fuer-familien\/gaerten-waelder\/\" target=\"_blank\" rel=\"noopener\">&#8220;<\/a><a href=\"https:\/\/www.eule-wien.at\/\" target=\"_blank\" rel=\"noopener noreferrer\">Eule Wien<\/a>\u201d (Owl Vienna) or \u201c<a href=\"http:\/\/www.schuleambauernhof.at\/\" target=\"_blank\" rel=\"noopener\">Schule am Bauernhof<\/a>\u201d (School on the Farm) and coodiated by &#8220;<a href=\"https:\/\/www.bio-austria.at\/bio-konsument\/bio-infocenter\/schule\/\" target=\"_blank\" rel=\"noopener noreferrer\">Bio Austria&#8221;<\/a>.<\/p>\n<div id=\"bezirksfilter\" hide=\"true\"><div id=\"filter\"><a data-bezirk=\"0\">Ganz Wien<\/a><a data-bezirk=\"1\">1. Innere Stadt<\/a><a data-bezirk=\"2\">2. Leopoldstadt<\/a><a data-bezirk=\"3\">3. Landstra\u00dfe<\/a><a data-bezirk=\"4\">4. Wieden<\/a><a data-bezirk=\"5\">5. Margareten<\/a><a data-bezirk=\"6\">6. Mariahilf<\/a><a data-bezirk=\"7\">7. Neubau<\/a><a data-bezirk=\"8\">8. Josefstadt<\/a><a data-bezirk=\"9\">9. Alsergrund<\/a><a data-bezirk=\"10\">10. Favoriten<\/a><a data-bezirk=\"11\">11. Simmering<\/a><a data-bezirk=\"12\">12. Meidling<\/a><a data-bezirk=\"13\">13. Hietzing<\/a><a data-bezirk=\"14\">14. Penzing<\/a><a data-bezirk=\"15\">15. Rudolfsheim-F\u00fcnfhaus<\/a><a data-bezirk=\"16\">16. Ottakring<\/a><a data-bezirk=\"17\">17. Hernals<\/a><a data-bezirk=\"18\">18. W\u00e4hring<\/a><a data-bezirk=\"19\">19. D\u00f6bling<\/a><a data-bezirk=\"20\">20. Brigittenau<\/a><a data-bezirk=\"21\">21. Floridsdorf<\/a><a data-bezirk=\"22\">22. Donaustadt<\/a><a data-bezirk=\"23\">23. Liesing<\/a><a data-bezirk=\"2280\">Glinzendorf<\/a><a data-bezirk=\"2320\">Rannersdorf\/Schwechat<\/a><a data-bezirk=\"2340\">M&ouml;dling<\/a><\/div><p id=\"defaultMessage\">Please select a district<\/p><p id=\"noContentForThisDistrict\">F\u00fcr diesen Bezirk ist leider keine Information vorhanden.<\/p>\n<div id=\"bezirk_0\" class=\"bezirk\" data-bezirk=\"0\">\n<h2><strong>NASCH \u2013 Natur als Schule (<\/strong>Nature as School)<\/h2>\n<p>Two trained educators come to children in schools, kindergartens and to families to create garden areas and garden together.<br \/>\nNature experience areas for children made by children themselves<\/p>\n<ul>\n<li><strong>Examples of offerings:<\/strong>\n<ul>\n<li>Building raised beds, creating and planting soil beds &#8211; doing crafts and gardening.<\/li>\n<li>Depending on age, listening to interesting facts, songs and stories, being self-active and learning through research<\/li>\n<li>Considering, sketching and creating garden areas<\/li>\n<li>Create a habitat for native animals as well as plants and, of course, for children<\/li>\n<\/ul>\n<\/li>\n<li><strong>Contact persons:<\/strong>\n<ul>\n<li>DIin Johanna Biesenbender, landscape planner and kindergarten teacher<\/li>\n<li>Mag.a Silvia Schachinger, pedagogue and mathematician<\/li>\n<\/ul>\n<\/li>\n<li><strong>Contact:<\/strong>\n<ul>\n<li><strong>E-mail:<\/strong> <a href=\"mail&#116;&#111;&#58;&#112;&#111;&#x73;&#x74;&#x40;&#x6e;&#x61;&#x74;&#x75;rals&#115;&#99;&#104;&#117;&#108;&#x65;&#x2e;&#x61;&#x74;\">&#112;&#x6f;&#115;&#x74;&#64;&#110;&#x61;&#116;&#x75;r&#x61;l&#115;&#x73;&#99;&#x68;u&#x6c;&#x65;&#46;&#x61;t<\/a><\/li>\n<li><strong>Web:<\/strong> <a href=\"http:\/\/www.naturalsschule.at\" target=\"_blank\" rel=\"noopener\">naturalsschule.at<\/a><\/li>\n<li><strong>Phone:<\/strong> 0699-10849513<\/li>\n<\/ul>\n<\/li>\n<\/ul>\n<h2>Acker Austria<\/h2>\n<p>School teachers and kindergarten teachers are trained over four years to grow vegetables together with their pupils or kindergarten children. The program for schools is called <a href=\"http:\/\/www.gem\u00fcseackerdemie.at\" target=\"_blank\" rel=\"noopener\">Gem\u00fcseAckerdemie<\/a>; the one for kindergartens is called <a href=\"http:\/\/www.ackerracker.at\" target=\"_blank\" rel=\"noopener\">AckerRacker<\/a>. The children experience where the vegetables on their plates come from on the school&#8217;s or kindergarten&#8217;s own farmland. This helps them develop a greater appreciation for nature and food. Since 2013, more than 230,000 children and their teachers from Germany, Austria and Switzerland have successfully participated in the Acker educational programs.<\/p>\n<ul>\n<li><strong>Target group:<\/strong> teachers, kindergarten teachers, Kindergarten children &amp; pupils<\/li>\n<li><strong>Contact person<\/strong> (in Vienna): Daniel Klas<\/li>\n<li><strong>Contact:<\/strong>\n<ul>\n<li><strong>E-Mail:<\/strong> <a href=\"mailto:d&#46;kla&#115;&#64;&#97;&#99;&#107;&#101;&#114;&#46;&#99;&#111;\">&#x64;&#x2e;&#107;&#108;&#97;s&#x40;&#x61;&#x63;&#107;&#101;r&#46;&#x63;&#x6f;<\/a><\/li>\n<li><strong>Web:<\/strong> <a href=\"http:\/\/www.gem\u00fcseackerdemie.at\" target=\"_blank\" rel=\"noopener\">www.gem\u00fcseackerdemie.at<\/a> (for schools)<\/li>\n<li><strong>Web:<\/strong> <a href=\"http:\/\/www.ackerracker.at\" target=\"_blank\" rel=\"noopener\">www.ackerracker.at<\/a> (for kindergartens)<\/li>\n<\/ul>\n<\/li>\n<\/ul>\n<\/div>\n<div id=\"bezirk_2\" class=\"bezirk\" data-bezirk=\"2\">\n<h2>City Farm Augarten<\/h2>\n<p><span id=\"result_box\" class=\"\" lang=\"en\"><span class=\"\">After 5 successful years in Sch\u00f6nbrunn, the City Farm was terminated at its location.<\/span> <span class=\"\">As an alternative, they have been offered buildings and garden areas in Vienna&#8217;s Augarten in the 2nd district.<\/span> <span class=\"\">More than 4,000 m\u00b2 of\u00a0 urban open space offer all the prerequisites for a unique urban living and learning garden, managed according to the principles of organic farming.<\/span> <span class=\"\">Children&#8217;s and theme beds are linked by the path of vegetable diversity, where countless species and varieties grow, that can not be bought in any supermarket.<\/span> <\/span>There is a wide spectrum of garden programs for children, teenagers, and adults year-round.<\/p>\n<ul>\n<li><strong>Address:\u00a0<\/strong>Obere Augartenstra\u00dfe 1\/8, 1020 Wien<\/li>\n<li><strong>Sponsorship:<\/strong>City Farm Augarten &#8211; Verein zur F\u00f6rderung von Urban Gardening, Gartenp\u00e4dagogik und \u00f6kologischer Bildung (Association for the Promotion of Urban Gardening, Garden Education, and Ecological Education)<\/li>\n<li><strong>Target Groups:<\/strong> Adults, children, families, school classes, kindergartens, and teachers<\/li>\n<li><strong>Gardening Season: <\/strong>year-round<\/li>\n<li><strong>Events, offers, and other info:<\/strong>\n<ul>\n<li>Programs for adults, children, families, school classes, kindergartens, and teachers<\/li>\n<li>Rarit\u00e4tenb\u00f6rse (\u201cTreasure Fair\u201c)<\/li>\n<\/ul>\n<\/li>\n<li><strong>Contact Information<\/strong>:\n<ul>\n<li><strong>Email:<\/strong> <a href=\"&#x6d;&#x61;&#x69;&#x6c;&#x74;&#x6f;&#x3a;&#x69;&#x6e;&#x66;&#x6f;&#x40;&#x63;&#x69;&#x74;&#x79;&#x66;&#x61;&#x72;&#x6d;&#x2e;&#x77;&#x69;&#x65;&#x6e;\">&#105;&#x6e;&#102;&#x6f;&#64;&#99;&#x69;&#116;&#x79;f&#x61;r&#109;&#x2e;&#119;&#x69;e&#x6e;<\/a><\/li>\n<li><strong>Web: <\/strong><a href=\"http:\/\/www.cityfarm.wien\" target=\"_blank\" rel=\"noopener\">cityfarm.wien<\/a><\/li>\n<li><strong>Tel:<\/strong> 0660 66 48 450<\/li>\n<\/ul>\n<\/li>\n<\/ul>\n<\/div>\n<div id=\"bezirk_5\" class=\"bezirk\" data-bezirk=\"5\">\n<h2>Kinder-Garten!\u00a0 P\u00e4dagogikgarten (Education Garden)<\/h2>\n<p>Practice starts early for those who want to become urban gardeners! In this garden program, kids learn that plants need time and care to grow into ripe, delicious food. But the highlight for these little gardeners is always the harvest: when the vegetables can be tasted, herbs gathered, and berries picked, patience is finally rewarded!<\/p>\n<p>The P\u00e4dagogikgarten (educational garden) is an ideal opportunity for children of the city to see where fruit and vegetables come from, and to learn how they arrive on our table. Come visit the garden and enjoy the flourishing garden beds!<\/p>\n<ul>\n<li><strong>Address: <\/strong>Sch\u00fctte-Lihotzky-Park, 1050 Wien<\/li>\n<li><strong>Size:<\/strong> 5 children\u2019s raised beds<\/li>\n<li><strong>Sponsorship: <\/strong>GB*East, Bezirksvorstehung, MA 42<\/li>\n<li><strong>Established:<\/strong> 2015<\/li>\n<li><strong>Participants:<\/strong> Childrens groups from KIWI, Kleiner Stern Abendstern<\/li>\n<li><strong>Plants: <\/strong>\n<ul>\n<li>Vegetable, herb, and flower beds<\/li>\n<\/ul>\n<\/li>\n<li><strong>Offers:<\/strong>\n<ul>\n<li>Spring festival<\/li>\n<\/ul>\n<\/li>\n<li><strong>Contact Information<\/strong>:\n<ul>\n<li><strong><\/strong><strong>Emai<\/strong><strong>l:<\/strong> <a href=\"&#109;a&#x69;l&#x74;o&#x3a;o&#x73;t&#x40;g&#x62;&#115;&#x74;&#101;&#x72;&#110;&#x2e;&#97;&#x74;\" target=\"_blank\" rel=\"noopener\">&#111;&#x73;t&#64;&#x67;b&#115;&#x74;e&#114;&#x6e;&#46;&#97;&#x74;<\/a><\/li>\n<\/ul>\n<\/li>\n<\/ul>\n<\/div>\n<div id=\"bezirk_10\" class=\"bezirk\" data-bezirk=\"10\">\n<h2><strong>Naschgarten \u2013 Vom Samenkorn bis zur fertigen Mahlzeit (<\/strong>Snack garden &#8211; From seed to ready meal)<\/h2>\n<p>If tomatoes don&#8217;t come from a can and spinach doesn&#8217;t come from the freezer, where does it come from? The Naschgarten is dedicated to hands-on nature and health education and offers regular gardening and nature education adventures for children ages 2-14. By sowing, planting, harvesting, cooking and enjoying together, children experience ecological connections and learn where the food on their plates comes from.<\/p>\n<ul>\n<li><strong>Offers:<\/strong>\n<ul>\n<li>Regular gardening and cooking for school class and kindergarten groups over the course of a year in the mornings<\/li>\n<li>Gardening and cooking classes for children in the afternoons<\/li>\n<li>Children&#8217;s birthday parties<\/li>\n<li>Vacation camps<\/li>\n<li>Seasonal festivals<\/li>\n<\/ul>\n<\/li>\n<li><strong>Address:<\/strong> Rosiwalgasse 37, next to the Zukunftshof, 1100 Vienna<\/li>\n<li><strong>Sponsorship:<\/strong> Naschgarten &#8211; Association for practically oriented nature and health education<\/li>\n<li><strong>Contact:<\/strong>\n<ul>\n<li><strong>Web:<\/strong> www.naschgarten.org<\/li>\n<li><strong>Email:<\/strong> &#104;&#x61;&#108;&#x6c;&#111;&#x40;&#110;&#x61;&#115;&#x63;&#104;&#x67;&#97;&#x72;&#116;&#x65;&#110;&#x2e;&#111;&#x72;&#103;<\/li>\n<li><strong>Phone:<\/strong> 0670 357 1180<\/li>\n<\/ul>\n<\/li>\n<\/ul>\n<\/div>\n<div id=\"bezirk_19\" class=\"bezirk\" data-bezirk=\"19\">\n<h2><strong>Cobenzl Biodiversity Educational Trail <\/strong><\/h2>\n<p>The new Cobenzl Educational Trail is situated very close to the Landgut Wien Cobenzl children\u2019s farm. Cobenzl mountain lies within the Wienerwald Biosphere Reserve and is one of Vienna\u2019s most species-rich areas \u2013 a true natural wonder. The new educational trail, which was conceived as part of the <a href=\"https:\/\/www.bioforschung.at\/projects\/symbio-at-cz\/\" target=\"_blank\" rel=\"noopener\">SYM:BIO Interreg project<\/a>, provides information to children and grown-ups about the importance of biodiversity in the natural and cultural landscape.<\/p>\n<p>Feel free to visit and learn about small-scale landscape structures, deadwood and stone walls that foster diversity across eight exciting stations, and find out why wild bees and butterflies need wildflower meadows to survive.<\/p>\n<\/div>\n<div id=\"bezirk_22\" class=\"bezirk\" data-bezirk=\"22\">\n<h2>Garten der Vielfalt (Garden of Diversity) of BIO FORSCHUNG AUSTRIA<\/h2>\n<p>What do plants eat? How deep do roots reach into the soil? What does \u201corganic\u201d mean?<\/p>\n<p>In \u201cGarten der Vielfalt\u201d (Garden of Diversity), pupils and students learn about the amazing wealth of edible plants. Depending on the season and program, children an youths can plant or harvest peas, smell culinary herbs, taste tomatoes, or dig up potatoes to take home. There are about 200 different species of plants to admire.<\/p>\n<p>A healthy variety of vegetables needs a rich soil life: educational stations show the movement of earthworms, microscopic microbial communities, and the secret underground life of plants in the \u201cWurzelschaugarten\u201d (Root Garden).<\/p>\n<p>Experience the foundations of our diet in the organic garden!<\/p>\n<ul>\n<li><strong>Address: <\/strong>Esslinger Hauptstr. 132-134, 1220 Wien<\/li>\n<li><strong>Size:<\/strong> 1,5 ha<\/li>\n<li><strong>Supervised by: <\/strong>Bio Forschung Austria<\/li>\n<li><strong>Gardening Season:<\/strong> April-October, Monday to Friday \u2013 dates by appointment<\/li>\n<li><strong>Duration:<\/strong> about 2 hours for elementary schools, and 3 hours for students above 5th grade<\/li>\n<li><strong>Target Groups: <\/strong><strong>Students<\/strong> aged 5-18<\/li>\n<li><strong>Cultivated Plants: <\/strong>\n<ul>\n<li>Fruit, vegetables, cereals, herbs, plants for promoting pollinators, green spaces<\/li>\n<\/ul>\n<\/li>\n<li><strong>Offers:<\/strong>\n<ul>\n<li><a href=\"https:\/\/www.bioforschung.at\/events\/workshops-fuer-schulklassen\/\">Workshops for school classes<\/a><\/li>\n<li><a href=\"https:\/\/www.bioforschung.at\/events\/besichtigung-garten-der-vielfalt-und-wurzelarena-2022\/\">Guided tour of the garden of diversity<\/a><\/li>\n<li><a href=\"https:\/\/www.bioforschung.at\/events\/bio-gartel-kurs-2022\/\">Course &#8220;Organic Gardening&#8221;<\/a><\/li>\n<\/ul>\n<\/li>\n<li><strong>Contact Information<\/strong>:\n<ul>\n<li><strong>Email:<\/strong><a href=\"&#x6d;&#x61;&#x69;&#x6c;&#x74;&#x6f;&#x3a;&#x73;&#x63;&#x68;&#x75;&#x6c;&#x6b;&#x6c;&#x61;&#x73;&#x73;&#x65;&#x6e;&#x40;&#x62;&#x69;&#x6f;&#x66;&#x6f;&#x72;&#x73;&#x63;&#x68;&#x75;&#x6e;&#x67;&#x2e;&#x61;&#x74;\" target=\"_blank\" rel=\"noopener\"> &#x73;&#99;h&#x75;&#108;&#107;&#x6c;&#x61;&#115;s&#x65;&#110;&#64;&#x62;&#x69;&#111;f&#x6f;&#114;s&#x63;&#x68;&#117;n&#x67;&#46;a&#x74;<\/a><\/li>\n<li><strong>Web: <\/strong><a href=\"https:\/\/www.bioforschung.at\/events\/workshops-fuer-schulklassen\/\" target=\"_blank\" rel=\"noopener\">BFA \u2013 Workshops f\u00fcr Schulklassen<\/a><\/li>\n<li><strong>Tel:\u00a0<\/strong>01-4000-49 160 (Tue, Thu 10:00 \u2013 12:00, Wed, Fri, 13:00 \u2013 15:00)<\/li>\n<\/ul>\n<\/li>\n<\/ul>\n<h2><strong>AgriNatur Visiting Areas and Ecological Educational Trail<\/strong><\/h2>\n<p>Bordering the Lobau forest, not far from the Bio Forschung Austria office, a trail leads across the four <em>Fields of Diversity<\/em> visiting areas where you can learn about the history of the regional landscape and the significance of biodiversity in a diversified agricultural landscape. Open for visitors year-round, the <em>Field View<\/em>, <em>Panoramic View<\/em>, <em>Bird\u2019s Nest<\/em>, and <em>Insect Oasis<\/em> areas offer opportunities to rest and discover from early spring when queen bumblebees go looking for nesting sites to autumn when countless apple trees offer their fruit near the trail\u2019s resting spots. Learn more about the Fields of Diversity <a href=\"https:\/\/www.interreg-athu.eu\/agrinaturathu\/projektnews\/kraft-schoepfen-schauen-staunen-spielen-auf-den-rastplaetzen-in-den-feldern-der-vielfalt\/\" target=\"_blank\" rel=\"noopener\">at the Interreg website<\/a>.<\/p>\n<\/div>\n<\/div>\n\n\t\t<style type=\"text\/css\">\n\t\t\t#gallery-1 {\n\t\t\t\tmargin: auto;\n\t\t\t}\n\t\t\t#gallery-1 .gallery-item {\n\t\t\t\tfloat: left;\n\t\t\t\tmargin-top: 10px;\n\t\t\t\ttext-align: center;\n\t\t\t\twidth: 33%;\n\t\t\t}\n\t\t\t#gallery-1 img {\n\t\t\t\tborder: 2px solid #cfcfcf;\n\t\t\t}\n\t\t\t#gallery-1 .gallery-caption {\n\t\t\t\tmargin-left: 0;\n\t\t\t}\n\t\t\t\/* see gallery_shortcode() in wp-includes\/media.php *\/\n\t\t<\/style>\n\t\t<div id='gallery-1' class='gallery galleryid-4338 gallery-columns-3 gallery-size-thumbnail'><dl class='gallery-item'>\n\t\t\t<dt class='gallery-icon landscape'>\n\t\t\t\t<a href='https:\/\/www.garteln-in-wien.at\/en\/img_0433fac_1-2\/'><img loading=\"lazy\" decoding=\"async\" width=\"150\" height=\"150\" src=\"https:\/\/www.garteln-in-wien.at\/wp-content\/uploads\/2016\/07\/IMG_0433fac_1-150x150.jpg\" class=\"attachment-thumbnail size-thumbnail\" alt=\"\" aria-describedby=\"gallery-1-1612\" \/><\/a>\n\t\t\t<\/dt>\n\t\t\t\t<dd class='wp-caption-text gallery-caption' id='gallery-1-1612'>\n\t\t\t\tpumpkin\n\t\t\t\t<\/dd><\/dl><dl class='gallery-item'>\n\t\t\t<dt class='gallery-icon landscape'>\n\t\t\t\t<a href='https:\/\/www.garteln-in-wien.at\/en\/paradeiservielfalt-2\/'><img loading=\"lazy\" decoding=\"async\" width=\"150\" height=\"150\" src=\"https:\/\/www.garteln-in-wien.at\/wp-content\/uploads\/2016\/07\/Paradeiservielfalt-150x150.jpg\" class=\"attachment-thumbnail size-thumbnail\" alt=\"\" aria-describedby=\"gallery-1-1506\" \/><\/a>\n\t\t\t<\/dt>\n\t\t\t\t<dd class='wp-caption-text gallery-caption' id='gallery-1-1506'>\n\t\t\t\tdivesity of tomatos from our resaerch garden\n\t\t\t\t<\/dd><\/dl><dl class='gallery-item'>\n\t\t\t<dt class='gallery-icon landscape'>\n\t\t\t\t<a href='https:\/\/www.garteln-in-wien.at\/en\/p1090348-2\/'><img loading=\"lazy\" decoding=\"async\" width=\"150\" height=\"150\" src=\"https:\/\/www.garteln-in-wien.at\/wp-content\/uploads\/2016\/07\/P1090348-150x150.jpg\" class=\"attachment-thumbnail size-thumbnail\" alt=\"\" aria-describedby=\"gallery-1-1469\" \/><\/a>\n\t\t\t<\/dt>\n\t\t\t\t<dd class='wp-caption-text gallery-caption' id='gallery-1-1469'>\n\t\t\t\tfun with the compost\n\t\t\t\t<\/dd><\/dl><br style=\"clear: both\" \/><dl class='gallery-item'>\n\t\t\t<dt class='gallery-icon landscape'>\n\t\t\t\t<a href='https:\/\/www.garteln-in-wien.at\/en\/sg-bioforschung-juni-2013-041-2\/'><img loading=\"lazy\" decoding=\"async\" width=\"150\" height=\"150\" src=\"https:\/\/www.garteln-in-wien.at\/wp-content\/uploads\/2016\/07\/SG-Bioforschung-Juni-2013-041-150x150.jpg\" class=\"attachment-thumbnail size-thumbnail\" alt=\"\" aria-describedby=\"gallery-1-1470\" \/><\/a>\n\t\t\t<\/dt>\n\t\t\t\t<dd class='wp-caption-text gallery-caption' id='gallery-1-1470'>\n\t\t\t\tinterculturall exchange\n\t\t\t\t<\/dd><\/dl><dl class='gallery-item'>\n\t\t\t<dt class='gallery-icon landscape'>\n\t\t\t\t<a href='https:\/\/www.garteln-in-wien.at\/en\/dsc_2329-2\/'><img loading=\"lazy\" decoding=\"async\" width=\"150\" height=\"150\" src=\"https:\/\/www.garteln-in-wien.at\/wp-content\/uploads\/2016\/07\/DSC_2329-150x150.jpg\" class=\"attachment-thumbnail size-thumbnail\" alt=\"\" aria-describedby=\"gallery-1-1513\" \/><\/a>\n\t\t\t<\/dt>\n\t\t\t\t<dd class='wp-caption-text gallery-caption' id='gallery-1-1513'>\n\t\t\t\tgetting friends with soil animals\n\t\t\t\t<\/dd><\/dl><dl class='gallery-item'>\n\t\t\t<dt class='gallery-icon landscape'>\n\t\t\t\t<a href='https:\/\/www.garteln-in-wien.at\/en\/img_8061fac_1-2\/'><img loading=\"lazy\" decoding=\"async\" width=\"150\" height=\"150\" src=\"https:\/\/www.garteln-in-wien.at\/wp-content\/uploads\/2016\/07\/IMG_8061fac_1-150x150.jpg\" class=\"attachment-thumbnail size-thumbnail\" alt=\"\" aria-describedby=\"gallery-1-1590\" \/><\/a>\n\t\t\t<\/dt>\n\t\t\t\t<dd class='wp-caption-text gallery-caption' id='gallery-1-1590'>\n\t\t\t\thappy pepper\n\t\t\t\t<\/dd><\/dl><br style=\"clear: both\" \/>\n\t\t<\/div>\n\n","protected":false},"excerpt":{"rendered":"<p>Practice starts early for those who want to become urban gardeners! There are a few initiatives, made especially for children,<\/p>\n","protected":false},"author":12,"featured_media":1516,"parent":0,"menu_order":0,"comment_status":"closed","ping_status":"closed","template":"","meta":{"footnotes":""},"class_list":["post-4338","page","type-page","status-publish","has-post-thumbnail","hentry"],"_links":{"self":[{"href":"https:\/\/www.garteln-in-wien.at\/en\/wp-json\/wp\/v2\/pages\/4338","targetHints":{"allow":["GET"]}}],"collection":[{"href":"https:\/\/www.garteln-in-wien.at\/en\/wp-json\/wp\/v2\/pages"}],"about":[{"href":"https:\/\/www.garteln-in-wien.at\/en\/wp-json\/wp\/v2\/types\/page"}],"author":[{"embeddable":true,"href":"https:\/\/www.garteln-in-wien.at\/en\/wp-json\/wp\/v2\/users\/12"}],"replies":[{"embeddable":true,"href":"https:\/\/www.garteln-in-wien.at\/en\/wp-json\/wp\/v2\/comments?post=4338"}],"version-history":[{"count":1,"href":"https:\/\/www.garteln-in-wien.at\/en\/wp-json\/wp\/v2\/pages\/4338\/revisions"}],"predecessor-version":[{"id":4774,"href":"https:\/\/www.garteln-in-wien.at\/en\/wp-json\/wp\/v2\/pages\/4338\/revisions\/4774"}],"wp:featuredmedia":[{"embeddable":true,"href":"https:\/\/www.garteln-in-wien.at\/en\/wp-json\/wp\/v2\/media\/1516"}],"wp:attachment":[{"href":"https:\/\/www.garteln-in-wien.at\/en\/wp-json\/wp\/v2\/media?parent=4338"}],"curies":[{"name":"wp","href":"https:\/\/api.w.org\/{rel}","templated":true}]}}