{"id":2542,"date":"2016-09-06T18:09:34","date_gmt":"2016-09-06T16:09:34","guid":{"rendered":"https:\/\/www.garteln-in-wien.at\/anfahrt\/"},"modified":"2016-09-06T18:09:34","modified_gmt":"2016-09-06T16:09:34","slug":"anfahrt","status":"publish","type":"page","link":"https:\/\/www.garteln-in-wien.at\/plain_d\/anfahrt\/","title":{"rendered":"Anfahrt"},"content":{"rendered":"<p style=\"text-align: justify\"><strong>Anreise \u00f6ffentlich<\/strong><br \/>\nU2 Aspernstra\u00dfe &#8211; 26A Richtung Gro\u00df-Enzersdorf &#8211; Haltestelle Seefeldergasse<br \/>\nU2 Seestadt &#8211; 88A Richtung Essling Stadtgrenze &#8211; Haltestelle Seefeldergasse<br \/>\nLage: 100 m nach Billa (stadtausw\u00e4rts) rechts<\/p>\n<p style=\"text-align: justify\"><strong>Fahrpl\u00e4ne der Wiener Linien<\/strong><\/p>\n<ul style=\"text-align: justify\">\n<li><a href=\"https:\/\/www.bioforschung.at\/wp-content\/uploads\/2016\/09\/Linie_26A_Fahrplan.pdf\" target=\"_blank\" rel=\"noopener noreferrer\">Fahrplan 26A<\/a><\/li>\n<li><a href=\"https:\/\/www.bioforschung.at\/wp-content\/uploads\/2016\/09\/Linie_U2_Fahrplan.pdf\" target=\"_blank\" rel=\"noopener noreferrer\">Fahrplan U2<\/a><\/li>\n<li><a href=\"https:\/\/www.bioforschung.at\/wp-content\/uploads\/2016\/09\/Linie_88A_Fahrplan.pdf\" target=\"_blank\" rel=\"noopener noreferrer\">Fahrplan 88A<\/a><\/li>\n<\/ul>\n<p style=\"text-align: justify\"><strong>Anreise mit Auto<br \/>\n<\/strong><br \/>\nA23 Ausfahrt Stadlau, Richtung Gro\u00df-Enzersdorf\/ B3, B3 ca. 5 km immer geradeaus, 100 m nach Billa (stadtausw\u00e4rts) rechts.<br \/>\nAus dem Marchfeld kommend: B3 ca. 1 km von Gro\u00df-Enzersdorf links.<br \/>\nParkm\u00f6glichkeiten in der Esslinger Hauptstra\u00dfe und am Gel\u00e4nde der BIO FORSCHUNG AUSTRIA<\/p>\n","protected":false},"excerpt":{"rendered":"<p>Anreise \u00f6ffentlich U2 Aspernstra\u00dfe &#8211; 26A Richtung Gro\u00df-Enzersdorf &#8211; Haltestelle Seefeldergasse U2 Seestadt &#8211; 88A Richtung Essling Stadtgrenze &#8211; Haltestelle<\/p>\n","protected":false},"author":2,"featured_media":2543,"parent":0,"menu_order":0,"comment_status":"closed","ping_status":"closed","template":"page-journey.php","meta":{"footnotes":""},"class_list":["post-2542","page","type-page","status-publish","has-post-thumbnail","hentry"],"_links":{"self":[{"href":"https:\/\/www.garteln-in-wien.at\/plain_d\/wp-json\/wp\/v2\/pages\/2542","targetHints":{"allow":["GET"]}}],"collection":[{"href":"https:\/\/www.garteln-in-wien.at\/plain_d\/wp-json\/wp\/v2\/pages"}],"about":[{"href":"https:\/\/www.garteln-in-wien.at\/plain_d\/wp-json\/wp\/v2\/types\/page"}],"author":[{"embeddable":true,"href":"https:\/\/www.garteln-in-wien.at\/plain_d\/wp-json\/wp\/v2\/users\/2"}],"replies":[{"embeddable":true,"href":"https:\/\/www.garteln-in-wien.at\/plain_d\/wp-json\/wp\/v2\/comments?post=2542"}],"version-history":[{"count":0,"href":"https:\/\/www.garteln-in-wien.at\/plain_d\/wp-json\/wp\/v2\/pages\/2542\/revisions"}],"wp:featuredmedia":[{"embeddable":true,"href":"https:\/\/www.garteln-in-wien.at\/plain_d\/wp-json\/wp\/v2\/media\/2543"}],"wp:attachment":[{"href":"https:\/\/www.garteln-in-wien.at\/plain_d\/wp-json\/wp\/v2\/media?parent=2542"}],"curies":[{"name":"wp","href":"https:\/\/api.w.org\/{rel}","templated":true}]}}