{"id":2564,"date":"2016-07-06T17:52:54","date_gmt":"2016-07-06T15:52:54","guid":{"rendered":"https:\/\/www.garteln-in-wien.at\/datenschutz\/"},"modified":"2016-07-06T17:52:54","modified_gmt":"2016-07-06T15:52:54","slug":"datenschutz","status":"publish","type":"page","link":"https:\/\/www.garteln-in-wien.at\/plain_d\/datenschutz\/","title":{"rendered":"Datenschutz"},"content":{"rendered":"<p>Wir, die Bio Forschung Austria, Esslinger Hauptstra\u00dfe 132-134, 1220 Wien, Tel: +43 1 400 49 150, Email: <a href=\"&#x6d;&#97;&#x69;&#108;t&#x6f;&#58;o&#x66;&#102;&#x69;&#x63;e&#x40;&#98;i&#x6f;&#102;&#x6f;&#x72;s&#x63;&#104;u&#x6e;&#103;&#46;&#x61;&#116;\" target=\"_blank\" rel=\"noopener noreferrer\">&#111;&#x66;&#102;&#x69;c&#101;&#x40;&#98;&#x69;o&#x66;o&#114;&#x73;&#99;&#x68;u&#x6e;&#x67;&#46;&#x61;t<\/a> (im Folgenden \u201eBio Forschung Austria\u201c oder \u201ewir\u201c) verarbeiten im Zusammenhang mit unserer T\u00e4tigkeit sowie, wenn Sie uns auf unserer Website besuchen, personenbezogene Daten. Selbstverst\u00e4ndlich sch\u00fctzen wir Ihre Daten und halten uns an alle europarechtlichen und nationalen anwendbaren Rechtsvorschriften.<\/p>\n<p>Damit Sie genau informiert sind, welche Informationen wir gegebenenfalls erheben, verarbeiten und n\u00fctzen, wenn Sie mit uns in Kontakt treten oder wenn Sie unsere Website nutzen, erteilen wir Ihnen im Folgenden Informationen zur Datenverarbeitung.<\/p>\n<p>Die nachstehenden Informationen sind allgemein. Das hei\u00dft, dass wir nicht bei jedem Betroffenen alle genannten Datenkategorien zu allen genannten Zwecken verarbeiten, sondern (im Regelfall) nur einzelne davon.<\/p>\n<ol>\n<li><strong>Zwecke der Datenverarbeitung<\/strong><\/li>\n<\/ol>\n<p>Wir verarbeiten Ihre unter Punkt 2. genannten personenbezogenen Daten zu folgenden Zwecken:<\/p>\n<ul>\n<li>Zurverf\u00fcgungstellung der Website und Verbesserung der Website<\/li>\n<li>Erstellung von Nutzungsstatistiken<\/li>\n<li>Erkennen, Verhindern und Untersuchen von Angriffen auf die Website<\/li>\n<li>Versendung von Informationen zu unseren Veranstaltungen und Angeboten<\/li>\n<li>Organisation und Durchf\u00fchrung der von uns angebotenen Veranstaltungen<\/li>\n<li>Erm\u00f6glichung der Teilnahme an unseren Projekten<\/li>\n<li>Beantwortung von Anfragen, die Sie an uns stellen<\/li>\n<li>Organisation des Vereines<\/li>\n<\/ul>\n<p>Personenbezogene Daten erhalten wir dabei von<\/p>\n<ul>\n<li>Ihrem Webbrowser (automatisch) beim Besuch dieser Website<\/li>\n<li>von Ihnen selbst, wenn Sie uns kontaktieren und z.B. Anfragen an uns stellen<\/li>\n<li>von Ihnen selbst, wenn Sie sich z.B. zu unseren Veranstaltungen anmelden<\/li>\n<\/ul>\n<p>Die Bereitstellung Ihrer personenbezogenen Daten ist freiwillig. Allerdings k\u00f6nnen wir es Ihnen nicht erm\u00f6glichen alle Funktionen der Website zu nutzen, wenn Sie Ihre personenbezogenen Daten nicht zur Verf\u00fcgung stellen. Genausowenig k\u00f6nnen wir Ihre Anfragen beantworten oder Ihnen die Teilnahme an unseren Veranstaltungen oder Projekten erm\u00f6glichen, wenn Sie Ihre personenbezogenen Daten nicht zur Verf\u00fcgung stellen.<\/p>\n<ol start=\"2\">\n<li>\n<h3><strong>Verarbeitete Daten<\/strong><\/h3>\n<\/li>\n<\/ol>\n<p>Im Zuge des Besuchs dieser Website werden wir folgende Informationen erheben: Datum und Uhrzeit des Aufrufs einer Seite der Website, Ihre IP-Adresse, Name und Version Ihres Webbrowsers, welche Seiten Sie auf der Website besuchen und bestimmte Cookies.<\/p>\n<p>Wenn Sie mit uns in den unter Punkt 1. beschriebenen F\u00e4llen in Kontakt treten, dann verarbeiten wir folgende Daten:Angaben zum Geschlecht, Name, Kontaktdaten, Email-Adresse, gegebenenfalls Fotos Ihrer Person und sonstige personenbezogene Daten, die Sie uns im Einzelfall zur Verf\u00fcgung stellen.<\/p>\n<ol start=\"3\">\n<li>\n<h3><strong>Rechtsgrundlagen der Verarbeitung<\/strong><\/h3>\n<\/li>\n<\/ol>\n<p><strong>\u00a0<\/strong>Rechtsgrundlage f\u00fcr unsere Verarbeitung Ihrer Daten ist u.a. Vertragserf\u00fcllung und Durchf\u00fchrung vorvertraglicher Ma\u00dfnahmen (Artikel 6 Abs 1 lit b DSGVO). Dies ist z.B. der Fall, wenn Sie unser Veranstaltungsangebot nutzen oder unsere Serviceangebote nutzen.<\/p>\n<ul>\n<li>Teilweise beruht unsere Datenverarbeitung auf der Rechtsgrundlage unseres \u00fcberwiegenden berechtigten Interesses (Artikel 6 Abs 1 lit f DSGVO), z.B. wenn wir Ihnen im Rahmen einer bereits bestehenden Kundenbeziehung Informationen zu f\u00fcr Sie interessanten Veranstaltungen und Projekten zukommen lassen. Unser \u00fcberwiegend berechtigtes Interesse ist es auch, jene Date zu verarbeiten, die daf\u00fcr n\u00f6tig sind, dass unsere Website zur Verf\u00fcgung gestellt werden kann.<\/li>\n<li>Einzelne personenbezogene Daten verarbeiten wir in Erf\u00fcllung von gesetzlichen Verpflichtungen (Artikel 6 Abs 1 lit c DSGV). So sind wir z.B. verpflichtet, Daten im Zusammenhang mit unserer Beratungst\u00e4tigkeit zu erfassen.<\/li>\n<li>Soweit keine der genannten Rechtsgrundlagen vorliegt, beruht unsere Datenverarbeitung auf Ihrer Einwilligung gem\u00e4\u00df Artikel 6 Abs 1 lit a DSGVO. Sie haben selbstverst\u00e4ndlich das Recht erteilte Einwilligungen jederzeit zu widerrufen. Durch den Widerruf der Einwilligung wird die Rechtm\u00e4\u00dfigkeit der aufgrund der Einwilligung bis zum Widerruf erfolgten Verarbeitung allerdings nicht ber\u00fchrt (d.h.: der Widerruf wirkt nicht in die Vergangenheit).<\/li>\n<\/ul>\n<ol start=\"4\">\n<li>\n<h3><strong>\u00dcbermittlung Ihrer personenbezogenen Daten<\/strong><\/h3>\n<\/li>\n<\/ol>\n<p>Zu den oben genannten Zwecken \u00fcbermitteln wir Ihre personenbezogenen Daten teilweise an folgende Empf\u00e4nger:<\/p>\n<ol>\n<li>Von uns eingesetzte IT-Dienstleister (z.B. f\u00fcr die Wartung der Website)<\/li>\n<li>Scan- und Druckdienstleister<\/li>\n<li>Hosting<\/li>\n<li>F\u00f6rdergeber (soweit dies f\u00fcr unsere Vertragserf\u00fcllung notwendig ist)<\/li>\n<li>\n<h3><strong>Speicherdauer<\/strong><\/h3>\n<\/li>\n<\/ol>\n<p>Wir bewahren Ihre personenbezogenen Daten nur solange auf, wie dies vern\u00fcnftigerweise als n\u00f6tig erachtet wird, um die oben genannten Zwecke zu erreichen. Wir speichern Ihre personenbezogenen Daten dar\u00fcber hinaus solange gesetzliche Aufbewahrungsplichten bestehen oder Verj\u00e4hrungsfristen potentieller Rechtsanspr\u00fcche noch nicht abgelaufen sind. Teilweise ergeben sich Aufbewahrungspflichten f\u00fcr uns auch aus F\u00f6rderbestimmungen.<\/p>\n<ol start=\"6\">\n<li>\n<h3><strong>Ihre Rechte im Zusammenhang mit personenbezogenen Daten<\/strong><\/h3>\n<\/li>\n<\/ol>\n<p>Nach geltendem Recht sind Sie unter anderem berechtigt [i] zu \u00fcberpr\u00fcfen, ob und welche personenbezogenen Daten wir \u00fcber Sie gespeichert haben und Kopien dieser Daten zu erhalten, [ii] die Berichtigung, Erg\u00e4nzung oder das L\u00f6schen Ihrer personenbezogenen Daten, die falsch sind oder nicht rechtskonform verarbeitet werden, zu verlangen, [iii] von uns zu verlangen, die Verarbeitung Ihrer personenbezogenen Daten einzuschr\u00e4nken, [iv] unter bestimmten Umst\u00e4nden der Verarbeitung Ihrer personenbezogenen Daten zu widersprechen oder die f\u00fcr das Verarbeiten zuvor gegebene Einwilligung zu widerrufen [v], Daten\u00fcbertragbarkeit zu verlangen, [vi], die Identit\u00e4t von Dritten, an welche Ihre personenbezogenen Daten \u00fcbermittelt werden, zu kennen und [vii] bei der zust\u00e4ndigen Beh\u00f6rde Beschwerde zu erheben.<\/p>\n<ol start=\"7\">\n<li>\n<h3><strong>Cookies<\/strong><\/h3>\n<\/li>\n<\/ol>\n<p><strong>\u00a0<\/strong>Auf dieser Website werden sogenannte Cookies verwendet. Ein Cookie ist eine kleine Datei die auf Ihrem Computer gespeichert werden kann, wenn Sie eine Website besuchen. Wir verwenden Cookies, um Ihnen zus\u00e4tzliche Funktionen auf der Website zu bieten, z.B. um Ihnen die Navigation zu erleichtern, Ihre Pr\u00e4ferenzen oder Einstellungen zu speichern etc. Cookies k\u00f6nnen auf keine anderen Daten auf Ihrem Computer zugreifen, diese lesen oder ver\u00e4ndern. Wir verwenden einerseits sogenannte session oder tempor\u00e4re Cookies, die automatisch gel\u00f6scht werden, wenn Sie die Website wieder verlassen. Dar\u00fcber hinaus verwenden wir dauerhafte Cookies, die auf der Festplatte gespeichert bleiben. Sie k\u00f6nnen diese aber manuell in Ihrem Browser l\u00f6schen. Solche dauerhaften Cookies verwenden wir, um Sie wiederzuerkennen, wenn Sie unsere Website das n\u00e4chste Mal besuchen, um so die Nutzung der Website f\u00fcr Sie komfortabler zu gestalten.<\/p>\n<p>Cookies erhalten keine personenbezogenen Daten. Es werden lediglich unter einer User-ID pseudonyme Daten erhoben, d.h. z.B. welche Seiten Sie angesehen haben, welche Inhalte Sie gesucht haben etc. Wir f\u00fchren diese pseudonymen Daten nie mit personenbezogenen Daten zusammen.<\/p>\n<p>Sie k\u00f6nnen Cookies auf Ihrem Computer kontrollieren, indem Sie Ihre Browsereinstellungen so w\u00e4hlen, dass Sie eine Benachrichtigung bekommen, wenn eine Website Cookies speichern will. Sie k\u00f6nnen Cookies auch blockieren oder l\u00f6schen, wenn Sie bereits auf Ihrem Computer gespeichert wurden. Das Blockieren oder L\u00f6schen von Cookies kann allerdings Ihre Onlineerfahrung beeintr\u00e4chtigen und Sie daran hindern diese Website vollst\u00e4ndig zu nutzen.<\/p>\n<ol start=\"8\">\n<li>\n<h3><strong>Google Analytics<\/strong><\/h3>\n<\/li>\n<\/ol>\n<p>Diese Website benutzt Google Analytics, einen Webanalysedienst der Google Inc. (\u201eGoogle\u201c). Google Analytics verwendet sog. \u201eCookies\u201c, Textdateien, die auf Ihrem Computer gespeichert werden und die eine Analyse der Benutzung der Website durch Sie erm\u00f6glichen. Die durch den Cookie erzeugten Informationen \u00fcber Ihre Benutzung dieser Website werden in der Regel an einen Server von Google in den USA \u00fcbertragen und dort gespeichert.<\/p>\n<p>Im Falle der Aktivierung der IP-Anonymisierung auf dieser Webseite, wird Ihre IP-Adresse von Google jedoch innerhalb von Mitgliedstaaten der Europ\u00e4ischen Union oder in anderen Vertragsstaaten des Abkommens \u00fcber den Europ\u00e4ischen Wirtschaftsraum zuvor gek\u00fcrzt. Nur in Ausnahmef\u00e4llen wird die volle IP-Adresse an einen Server von Google in den USA \u00fcbertragen und dort gek\u00fcrzt. Die IP-Anonymisierung ist auf dieser Website aktiv. Im Auftrag des Betreibers dieser Website wird Google diese Informationen benutzen, um Ihre Nutzung der Website auszuwerten, um Reports \u00fcber die Websiteaktivit\u00e4ten zusammenzustellen und um weitere mit der Websitenutzung und der Internetnutzung verbundene Dienstleistungen gegen\u00fcber dem Websitebetreiber zu erbringen.<\/p>\n<p>Die im Rahmen von Google Analytics von Ihrem Browser \u00fcbermittelte IP-Adresse wird nicht mit anderen Daten von Google zusammengef\u00fchrt. Sie k\u00f6nnen die Speicherung der Cookies durch eine entsprechende Einstellung Ihrer Browser-Software verhindern; wir weisen Sie jedoch darauf hin, dass Sie in diesem Fall gegebenenfalls nicht s\u00e4mtliche Funktionen dieser Website vollumf\u00e4nglich werden nutzen k\u00f6nnen. Sie k\u00f6nnen dar\u00fcber hinaus die Erfassung der durch das Cookie erzeugten und auf Ihre Nutzung der Website bezogenen Daten (inkl. Ihrer IP-Adresse) an Google sowie die Verarbeitung dieser Daten durch Google verhindern, indem sie das unter dem folgenden Link verf\u00fcgbare Browser-Plugin herunterladen und installieren: <a href=\"http:\/\/tools.google.com\/dlpage\/gaoptout?hl=de\">http:\/\/tools.google.com\/dlpage\/gaoptout?hl=de<\/a>.<\/p>\n<p>Alternativ zum Browser-Add-On oder innerhalb von Browsern auf mobilen Ger\u00e4ten, klicken Sie bitte diesen Link, um die Erfassung durch Google Analytics innerhalb dieser Website zuk\u00fcnftig zu verhindern (das Opt Out funktioniert nur in dem Browser und nur f\u00fcr diese Domain). Dabei wird ein Opt-Out-Cookie auf Ihrem Ger\u00e4t abgelegt. L\u00f6schen Sie Ihre Cookies in diesem Browser, m\u00fcssen Sie diesen Link erneut klicken.<\/p>\n<ol start=\"9\">\n<li>\n<h3><strong>Unsere Kontaktdaten<\/strong><\/h3>\n<\/li>\n<\/ol>\n<p>Sollten Sie zu der Verarbeitung Ihrer personenbezogenen Daten Fragen oder Anliegen haben, wenden Sie sich bitte an uns als Verantwortlichen iSd DSGVO:<\/p>\n<p>Bio Forschung Austria<br \/>\nEsslinger Hauptstra\u00dfe 132-134<br \/>\n1220 Wien<br \/>\nTel: +43 1 4000 49 150<br \/>\nEmail: <a href=\"&#109;&#x61;i&#108;&#x74;o&#58;&#x6f;f&#102;&#x69;c&#101;&#x40;b&#105;&#x6f;f&#111;&#x72;s&#99;&#x68;u&#110;&#x67;&#46;&#97;&#x74;\" target=\"_blank\" rel=\"noopener noreferrer\">&#x6f;&#x66;&#x66;&#105;&#99;&#101;&#64;b&#x69;&#x6f;&#x66;&#x6f;&#114;&#115;ch&#x75;&#x6e;&#x67;&#x2e;&#97;&#116;<\/a><\/p>\n","protected":false},"excerpt":{"rendered":"<p>Wir, die Bio Forschung Austria, Esslinger Hauptstra\u00dfe 132-134, 1220 Wien, Tel: +43 1 400 49 150, Email: &#111;&#x66;&#x66;i&#99;&#x65;&#64;&#98;&#x69;&#x6f;f&#111;&#x72;s&#99;&#x68;&#x75;n&#103;&#x2e;a&#116; (im Folgenden<\/p>\n","protected":false},"author":2,"featured_media":0,"parent":0,"menu_order":0,"comment_status":"closed","ping_status":"closed","template":"","meta":{"footnotes":""},"class_list":["post-2564","page","type-page","status-publish","hentry"],"_links":{"self":[{"href":"https:\/\/www.garteln-in-wien.at\/plain_d\/wp-json\/wp\/v2\/pages\/2564","targetHints":{"allow":["GET"]}}],"collection":[{"href":"https:\/\/www.garteln-in-wien.at\/plain_d\/wp-json\/wp\/v2\/pages"}],"about":[{"href":"https:\/\/www.garteln-in-wien.at\/plain_d\/wp-json\/wp\/v2\/types\/page"}],"author":[{"embeddable":true,"href":"https:\/\/www.garteln-in-wien.at\/plain_d\/wp-json\/wp\/v2\/users\/2"}],"replies":[{"embeddable":true,"href":"https:\/\/www.garteln-in-wien.at\/plain_d\/wp-json\/wp\/v2\/comments?post=2564"}],"version-history":[{"count":0,"href":"https:\/\/www.garteln-in-wien.at\/plain_d\/wp-json\/wp\/v2\/pages\/2564\/revisions"}],"wp:attachment":[{"href":"https:\/\/www.garteln-in-wien.at\/plain_d\/wp-json\/wp\/v2\/media?parent=2564"}],"curies":[{"name":"wp","href":"https:\/\/api.w.org\/{rel}","templated":true}]}}