{"id":2625,"date":"2016-07-04T16:48:47","date_gmt":"2016-07-04T14:48:47","guid":{"rendered":"https:\/\/www.garteln-in-wien.at\/ma-42-wiener-stadtgaerten\/"},"modified":"2024-05-16T09:27:03","modified_gmt":"2024-05-16T07:27:03","slug":"ma-42-wiener-stadtgaerten","status":"publish","type":"page","link":"https:\/\/www.garteln-in-wien.at\/plain_d\/ma-42-wiener-stadtgaerten\/","title":{"rendered":"Die Wiener Stadtg\u00e4rten"},"content":{"rendered":"<p>Magistratsabteilung 42 (Abk\u00fcrzung: MA 42)<\/p>\n<h3><u>F\u00f6rderung von Gemeinschafts-G\u00e4rten<\/u><\/h3>\n<p>Die Wiener Stadtg\u00e4rten f\u00f6rdern<br \/>\neinen Gemeinschafts-Garten pro Bezirk.<\/p>\n<p>Das brauchen Sie f\u00fcr die F\u00f6rderung:<\/p>\n<ul>\n<li>Eine Best\u00e4tigung von ihrer Bezirks-Vorstehung.<br \/>\nZu Best\u00e4tigung sagt man auch Genehmigung.<\/li>\n<li>Der Gemeinschafts-Garten muss als Verein organisiert sein.<br \/>\nDas bedeutet: Sie m\u00fcssen einen Verein gr\u00fcnden.<\/li>\n<li>Einen Vertrag mit der Person,<br \/>\nder das St\u00fcck Land geh\u00f6rt.<br \/>\nDiese Person nennt man Eigent\u00fcmerin oder Eigent\u00fcmer.<\/li>\n<\/ul>\n<p>Wenn Sie das alles gemacht haben k\u00f6nnen Sie<br \/>\nmit dem Verein die F\u00f6rderung beantragen.<br \/>\nWenn der Verein die F\u00f6rderung bekommt, hat der Verein 1 Jahr Zeit<br \/>\nden Gemeinschafts-Garten zu bauen.<br \/>\nWenn der Garten fertig ist, schicken Sie alle Rechnungen an die Wiener Stadtg\u00e4rten.<br \/>\nDann bekommt der Verein das Geld zur\u00fcck.<br \/>\nAchtung! Es gibt nicht mehr als 3600\u20ac F\u00f6rderung.<\/p>\n<p>Bis jetzt haben bereits alle Bezirke die F\u00f6rderung bekommen.<\/p>\n<p><em>Eine weitere F\u00f6rderung ist derzeit nicht m\u00f6glich!<\/em><\/p>\n<h3><u>Beratung zum Thema Pflanzen-Schutz und Garten<\/u><\/h3>\n<p>Die Mitarbeiterinnen und Mitarbeiter<br \/>\nvom Referat Pflanzen-Schutz beraten zu diesen Themen:<\/p>\n<ul>\n<li>Krankheiten und Sch\u00e4dlinge bei Pflanzen im Haus und im Garten.<br \/>\nSch\u00e4dlinge sind schlecht f\u00fcr die Pflanzen.<\/li>\n<li>Biologische Ma\u00dfnahmen zum Schutz von Pflanzen.<\/li>\n<li>Allgemeine Fragen zum Garten.<br \/>\nZum Beispiel:<br \/>\nWie baue ich einen Kompost-Haufen?<br \/>\nWie schneide ich Obst-B\u00e4ume?<br \/>\nWie vermehre ich Pflanzen?<br \/>\nWie pflanze ich Pflanzen oder Blumen?<\/li>\n<li>Arbeiten zum Schutz von Pflanzen in Wiener Parks.<\/li>\n<li>Veranstaltungen, Informationen und Beratung.<br \/>\nZum Beispiel mit Vorf\u00fchrungen von Videos oder Vortr\u00e4gen.<\/li>\n<\/ul>\n<h3>Die Wiener Stadtg\u00e4rten (MA 42)<\/h3>\n<ul>\n<li><strong>Adresse<\/strong>: 1030, Johannesgasse 35<\/li>\n<li><strong>Kontakt<\/strong>:\n<ul>\n<li><strong>E-Mail: <\/strong><a href=\"&#109;&#x61;&#x69;l&#116;&#x6f;:&#112;&#x6f;s&#116;&#x40;m&#97;&#x34;&#x32;&#46;&#x77;&#x69;e&#110;&#x2e;g&#118;&#x2e;a&#116;\" target=\"_blank\" rel=\"noopener noreferrer\">&#x70;&#x6f;&#115;&#116;&#64;&#x6d;&#x61;&#x34;&#50;&#46;w&#x69;&#x65;&#110;&#46;g&#x76;&#x2e;&#x61;&#116;<\/a>\u00a0\u00a0\u00a0\u00a0\u00a0\u00a0\u00a0\u00a0<em>\u00a0 <\/em><\/li>\n<li><strong>Webseite: <\/strong><a href=\"http:\/\/www.park.wien.at\/\" target=\"_blank\" rel=\"noopener noreferrer\">www.park.wien.at<\/a><\/li>\n<li><strong>Telefon:<\/strong> +43 1 4000 8042<\/li>\n<\/ul>\n<\/li>\n<\/ul>\n<h3><a href=\"https:\/\/www.wien.gv.at\/umwelt\/parks\/pflanzenschutz\/pflanzenschutz-gartenberatungen.html\" target=\"_blank\" rel=\"noopener noreferrer\"><strong>Beratungsangbot<\/strong><\/a><\/h3>\n<ul>\n<li><strong>Telefonisch:<\/strong>\n<ul class=\"ul_marked\">\n<li>Montag bis Donnerstag, 8 bis 12 Uhr<\/li>\n<li>Telefon: +43 1 4000-8042<\/li>\n<\/ul>\n<\/li>\n<li><strong>Pers\u00f6nlich<\/strong>:\n<ul class=\"ul_marked\">\n<li>Nach telefonischer Voranmeldung unter Telefon: +43 1 4000-42483<\/li>\n<li><strong>Ort:<\/strong> <a href=\"https:\/\/www.wien.gv.at\/stadtplan\/grafik.aspx?lang=de-AT&amp;bookmark=dqJyRntmVUafGK5EnjAiRO5RphlRnKnmkev2pn4Mpr4C&amp;bmadr=10424723\">20., Dresdner Stra\u00dfe 81-85<\/a>, Stiege 2, 6. Stock<\/li>\n<\/ul>\n<\/li>\n<\/ul>\n","protected":false},"excerpt":{"rendered":"<p>Magistratsabteilung 42 (Abk\u00fcrzung: MA 42) F\u00f6rderung von Gemeinschafts-G\u00e4rten Die Wiener Stadtg\u00e4rten f\u00f6rdern einen Gemeinschafts-Garten pro Bezirk. Das brauchen Sie f\u00fcr<\/p>\n","protected":false},"author":3,"featured_media":2626,"parent":0,"menu_order":0,"comment_status":"closed","ping_status":"closed","template":"","meta":{"footnotes":""},"class_list":["post-2625","page","type-page","status-publish","has-post-thumbnail","hentry"],"_links":{"self":[{"href":"https:\/\/www.garteln-in-wien.at\/plain_d\/wp-json\/wp\/v2\/pages\/2625","targetHints":{"allow":["GET"]}}],"collection":[{"href":"https:\/\/www.garteln-in-wien.at\/plain_d\/wp-json\/wp\/v2\/pages"}],"about":[{"href":"https:\/\/www.garteln-in-wien.at\/plain_d\/wp-json\/wp\/v2\/types\/page"}],"author":[{"embeddable":true,"href":"https:\/\/www.garteln-in-wien.at\/plain_d\/wp-json\/wp\/v2\/users\/3"}],"replies":[{"embeddable":true,"href":"https:\/\/www.garteln-in-wien.at\/plain_d\/wp-json\/wp\/v2\/comments?post=2625"}],"version-history":[{"count":4,"href":"https:\/\/www.garteln-in-wien.at\/plain_d\/wp-json\/wp\/v2\/pages\/2625\/revisions"}],"predecessor-version":[{"id":4882,"href":"https:\/\/www.garteln-in-wien.at\/plain_d\/wp-json\/wp\/v2\/pages\/2625\/revisions\/4882"}],"wp:featuredmedia":[{"embeddable":true,"href":"https:\/\/www.garteln-in-wien.at\/plain_d\/wp-json\/wp\/v2\/media\/2626"}],"wp:attachment":[{"href":"https:\/\/www.garteln-in-wien.at\/plain_d\/wp-json\/wp\/v2\/media?parent=2625"}],"curies":[{"name":"wp","href":"https:\/\/api.w.org\/{rel}","templated":true}]}}