{"id":2670,"date":"2016-07-04T16:57:21","date_gmt":"2016-07-04T14:57:21","guid":{"rendered":"https:\/\/www.garteln-in-wien.at\/wwoof-freiwillige-mithilfe-auf-bio-hoefen\/"},"modified":"2024-04-30T10:57:40","modified_gmt":"2024-04-30T08:57:40","slug":"wwoof-freiwillige-mithilfe-auf-bio-hoefen","status":"publish","type":"page","link":"https:\/\/www.garteln-in-wien.at\/plain_d\/wwoof-freiwillige-mithilfe-auf-bio-hoefen\/","title":{"rendered":"WWOOF &#8211; Freiwillige Mithilfe auf Bio-H\u00f6fen"},"content":{"rendered":"<p>WWOOF ist die Abk\u00fcrzung f\u00fcr:<br \/>\nWe\u2019re welcome on organic farms.<br \/>\nAuf Deutsch bedeutet das:<br \/>\nAlle sind auf Bio-H\u00f6fen willkommen.<br \/>\nWer auf einem Biohof mithelfen will kann das beim Projekt WWOOF machen.<br \/>\nMan muss sich vorher anmelden.<br \/>\nStatt Geld bekommt man Essen und kann dort wohnen.<\/p>\n<p><strong>Adresse: <\/strong>Bio-Bauernh\u00f6fe in Europa<\/p>\n<p><strong>Betreuende Firma: <\/strong>WWOOF \u00d6sterreich \u2013 Martina Heuberger<\/p>\n<p><strong>Beteiligte: <\/strong>Interessierte<\/p>\n<p><strong>Kontakt:<\/strong><\/p>\n<ul>\n<li><strong>Email:<\/strong> <a href=\"m&#97;&#105;&#x6c;&#x74;&#x6f;:o&#102;&#102;&#x69;&#x63;&#x65;&#64;&#119;&#119;&#111;&#x6f;&#x66;&#x2e;a&#116;\" target=\"_blank\" rel=\"noopener noreferrer\">&#x6f;f&#x66;&#105;c&#x65;&#64;&#x77;&#x77;o&#x6f;&#102;&#46;&#x61;&#116;<\/a><\/li>\n<li><strong>Web: <\/strong><a href=\"http:\/\/www.wwoof.at\" target=\"_blank\" rel=\"noopener noreferrer\">wwoof.at<\/a><\/li>\n<li><strong>Telefon: <\/strong>+43 (676) 50 51 639 (jeweils montags und donnerstags von 08:00-11:30 Uhr<\/li>\n<\/ul>\n<p>F\u00fcr den Inhalte von anderen Webseiten sind wir nicht verantwortlich.<br \/>\nWir sind rechtlich nicht f\u00fcr den Inhalt und die Aussagen von anderen Webseiten verantwortlich.<\/p>\n","protected":false},"excerpt":{"rendered":"<p>WWOOF ist die Abk\u00fcrzung f\u00fcr: We\u2019re welcome on organic farms. Auf Deutsch bedeutet das: Alle sind auf Bio-H\u00f6fen willkommen. Wer<\/p>\n","protected":false},"author":3,"featured_media":2671,"parent":0,"menu_order":0,"comment_status":"closed","ping_status":"closed","template":"","meta":{"footnotes":""},"class_list":["post-2670","page","type-page","status-publish","has-post-thumbnail","hentry"],"_links":{"self":[{"href":"https:\/\/www.garteln-in-wien.at\/plain_d\/wp-json\/wp\/v2\/pages\/2670","targetHints":{"allow":["GET"]}}],"collection":[{"href":"https:\/\/www.garteln-in-wien.at\/plain_d\/wp-json\/wp\/v2\/pages"}],"about":[{"href":"https:\/\/www.garteln-in-wien.at\/plain_d\/wp-json\/wp\/v2\/types\/page"}],"author":[{"embeddable":true,"href":"https:\/\/www.garteln-in-wien.at\/plain_d\/wp-json\/wp\/v2\/users\/3"}],"replies":[{"embeddable":true,"href":"https:\/\/www.garteln-in-wien.at\/plain_d\/wp-json\/wp\/v2\/comments?post=2670"}],"version-history":[{"count":3,"href":"https:\/\/www.garteln-in-wien.at\/plain_d\/wp-json\/wp\/v2\/pages\/2670\/revisions"}],"predecessor-version":[{"id":4759,"href":"https:\/\/www.garteln-in-wien.at\/plain_d\/wp-json\/wp\/v2\/pages\/2670\/revisions\/4759"}],"wp:featuredmedia":[{"embeddable":true,"href":"https:\/\/www.garteln-in-wien.at\/plain_d\/wp-json\/wp\/v2\/media\/2671"}],"wp:attachment":[{"href":"https:\/\/www.garteln-in-wien.at\/plain_d\/wp-json\/wp\/v2\/media?parent=2670"}],"curies":[{"name":"wp","href":"https:\/\/api.w.org\/{rel}","templated":true}]}}