{"id":4424,"date":"2024-03-25T10:52:09","date_gmt":"2024-03-25T09:52:09","guid":{"rendered":"https:\/\/www.garteln-in-wien.at\/?page_id=4424"},"modified":"2024-04-30T11:02:39","modified_gmt":"2024-04-30T09:02:39","slug":"obst-im-oeffentlichen-raum","status":"publish","type":"page","link":"https:\/\/www.garteln-in-wien.at\/plain_d\/obst-im-oeffentlichen-raum\/","title":{"rendered":"Obst im \u00f6ffentlichen Raum"},"content":{"rendered":"<h3><u>ObstStadt Wien<\/u><\/h3>\n<p>Dieser Verein pflanzt gemeinsam mit Menschen Obst-B\u00e4ume in der Stadt.<br \/>\nAlle Menschen d\u00fcrfen die Fr\u00fcchte ernten.<br \/>\nIm Herbst 2018 hat der Verein Obst-B\u00e4ume auf der Donauinsel gepflanzt.<\/p>\n<p>Der Verein arbeitet mit diesen Organisationen zusammen:<\/p>\n<p>Lokalen Agenda 21<br \/>\nBezirksvorstehung des 22. Bezirks<br \/>\nMA 45 \u2013 Wiener Gew\u00e4sser<\/p>\n<p>Es gibt viele Obst-B\u00e4ume, Beeren und Kr\u00e4uter im \u00f6ffentlichen Raum.<br \/>\nAlle Menschen d\u00fcrfen sie ernten.<\/p>\n<p>Hier ist eine App, die zeigt, wo Sie ernten d\u00fcrfen.<\/p>\n<p style=\"padding-left: 40px\"><strong>Adresse:<\/strong> B\u00e4ume und Str\u00e4ucher auf \u00f6ffentlichen Fl\u00e4chen an 10 Standorten, ganz Wien<\/p>\n<p style=\"padding-left: 40px\"><strong>Besteht seit:<\/strong> 2018<\/p>\n<p style=\"padding-left: 40px\"><strong>Beteiligte:<\/strong> Verein ObstStadt Wien, BaumpatInnen<\/p>\n<p style=\"padding-left: 40px\"><strong>Kontakt:<\/strong> Vicki Matejka<\/p>\n<p style=\"padding-left: 40px\"><strong>E-Mail:<\/strong> &#x77;i&#x65;&#110;&#x40;&#111;&#x62;&#x73;t&#x61;&#100;&#x74;&#46;&#x61;&#116;<\/p>\n<p style=\"padding-left: 40px\"><strong>Website:<\/strong> <a href=\"http:\/\/www.wien.obststadt.at\">www.wien.obststadt.at<\/a><\/p>\n<p>&nbsp;<\/p>\n<hr \/>\n<h3><u>Mundraub<\/u><\/h3>\n<p>ist ein Internetprojekt von TerraConcordia gUG.<br \/>\nAuf einer Google Maps Karte sehen Sie alle Standorte von \u00f6ffentlichen<br \/>\nObst-B\u00e4umen, Kr\u00e4utern und Beeten.<br \/>\nNutzerinnen und Nutzer tragen diese selber in die Karte ein.<br \/>\nEs gibt Regeln:<br \/>\nPrivate G\u00e4rten nicht betreten.<br \/>\nB\u00e4ume und Umgebung gut behandeln.<\/p>\n<p style=\"padding-left: 40px\"><strong>Adresse:<\/strong> mehrere 1.000 eingetragene Frucht- und Nussb\u00e4ume, ganz Wien<\/p>\n<p style=\"padding-left: 40px\"><strong>Besteht seit:<\/strong> 2009<\/p>\n<p style=\"padding-left: 40px\"><strong>Kontakt:<\/strong><\/p>\n<p style=\"padding-left: 40px\"><strong>E-Mail:<\/strong> info&#64;m&#117;&#110;&#100;&#114;&#97;&#117;&#98;&#x2e;&#x6f;&#x72;&#x67;<\/p>\n<p style=\"padding-left: 40px\"><strong>Website:<\/strong> <a href=\"http:\/\/www.mundraub.org\">www.mundraub.org<\/a>, <a href=\"http:\/\/www.facebook.com\/groups\/mundraubaustria\">www.facebook.com\/groups\/mundraubaustria<\/a><\/p>\n<hr \/>\n<p>Die Webseite wird immer wieder \u00fcberarbeitet.<br \/>\nEs k\u00f6nnen neue Inhalte dazukommen.<br \/>\nDie Aufz\u00e4hlungen sind deshalb nicht vollst\u00e4ndig.<\/p>\n<p>F\u00fcr den Inhalte von anderen Webseiten sind wir nicht verantwortlich.<br \/>\nWir sind rechtlich nicht f\u00fcr den Inhalt und die Aussagen von anderen Webseiten verantwortlich.<\/p>\n","protected":false},"excerpt":{"rendered":"<p>ObstStadt Wien Dieser Verein pflanzt gemeinsam mit Menschen Obst-B\u00e4ume in der Stadt. Alle Menschen d\u00fcrfen die Fr\u00fcchte ernten. Im Herbst<\/p>\n","protected":false},"author":12,"featured_media":2634,"parent":0,"menu_order":0,"comment_status":"closed","ping_status":"closed","template":"","meta":{"footnotes":""},"class_list":["post-4424","page","type-page","status-publish","has-post-thumbnail","hentry"],"_links":{"self":[{"href":"https:\/\/www.garteln-in-wien.at\/plain_d\/wp-json\/wp\/v2\/pages\/4424","targetHints":{"allow":["GET"]}}],"collection":[{"href":"https:\/\/www.garteln-in-wien.at\/plain_d\/wp-json\/wp\/v2\/pages"}],"about":[{"href":"https:\/\/www.garteln-in-wien.at\/plain_d\/wp-json\/wp\/v2\/types\/page"}],"author":[{"embeddable":true,"href":"https:\/\/www.garteln-in-wien.at\/plain_d\/wp-json\/wp\/v2\/users\/12"}],"replies":[{"embeddable":true,"href":"https:\/\/www.garteln-in-wien.at\/plain_d\/wp-json\/wp\/v2\/comments?post=4424"}],"version-history":[{"count":2,"href":"https:\/\/www.garteln-in-wien.at\/plain_d\/wp-json\/wp\/v2\/pages\/4424\/revisions"}],"predecessor-version":[{"id":4762,"href":"https:\/\/www.garteln-in-wien.at\/plain_d\/wp-json\/wp\/v2\/pages\/4424\/revisions\/4762"}],"wp:featuredmedia":[{"embeddable":true,"href":"https:\/\/www.garteln-in-wien.at\/plain_d\/wp-json\/wp\/v2\/media\/2634"}],"wp:attachment":[{"href":"https:\/\/www.garteln-in-wien.at\/plain_d\/wp-json\/wp\/v2\/media?parent=4424"}],"curies":[{"name":"wp","href":"https:\/\/api.w.org\/{rel}","templated":true}]}}