{"id":4448,"date":"2024-03-25T15:11:05","date_gmt":"2024-03-25T14:11:05","guid":{"rendered":"https:\/\/www.garteln-in-wien.at\/?page_id=4448"},"modified":"2024-04-23T12:42:36","modified_gmt":"2024-04-23T10:42:36","slug":"lebensmittelmaerkte","status":"publish","type":"page","link":"https:\/\/www.garteln-in-wien.at\/plain_d\/lebensmittelmaerkte\/","title":{"rendered":"Lebensmittelm\u00e4rkte"},"content":{"rendered":"<p>In Wien gibt es 17 M\u00e4rkte, die Bio-Lebens-Mittel verkaufen.<br \/>\nEs gibt M\u00e4rkte, die von Montag bis Samstag offen haben.<br \/>\nSie hei\u00dfen: Detailm\u00e4rkte.<br \/>\nEs gibt M\u00e4rkte, die an einem Tag in der Woche offen haben.<br \/>\nSie hei\u00dfen: Tempor\u00e4re M\u00e4rkte<\/p>\n<p>Auf der <a href=\"https:\/\/www.wien.gv.at\/freizeit\/einkaufen\/maerkte\/lebensmittel\/index.html\">Markt-Infoseite der Stadt Wien<\/a> sind Informationen zu den M\u00e4rkten in allen Bezirken gelistet.<\/p>\n<p>&nbsp;<\/p>\n<div id=\"attachment_3172\" style=\"width: 562px\" class=\"wp-caption alignnone\"><img loading=\"lazy\" decoding=\"async\" aria-describedby=\"caption-attachment-3172\" class=\" wp-image-3172\" src=\"https:\/\/www.garteln-in-wien.at\/wp-content\/uploads\/2016\/08\/Bauernmarkt-Stadlau-\u00a9-Agenda-21.jpeg\" alt=\"\" width=\"552\" height=\"414\" \/><p id=\"caption-attachment-3172\" class=\"wp-caption-text\">Am Bild sehen Sie den Bauernmarkt in Stadlau \u00a9 Lokale Agenda 21<\/p><\/div>\n<p>F\u00fcr den Inhalte von anderen Webseiten sind wir nicht verantwortlich.<br \/>\nWir sind rechtlich nicht f\u00fcr den Inhalt und die Aussagen von anderen Webseiten verantwortlich.<\/p>\n","protected":false},"excerpt":{"rendered":"<p>In Wien gibt es 17 M\u00e4rkte, die Bio-Lebens-Mittel verkaufen. Es gibt M\u00e4rkte, die von Montag bis Samstag offen haben. Sie<\/p>\n","protected":false},"author":12,"featured_media":2620,"parent":0,"menu_order":0,"comment_status":"closed","ping_status":"closed","template":"","meta":{"footnotes":""},"class_list":["post-4448","page","type-page","status-publish","has-post-thumbnail","hentry"],"_links":{"self":[{"href":"https:\/\/www.garteln-in-wien.at\/plain_d\/wp-json\/wp\/v2\/pages\/4448","targetHints":{"allow":["GET"]}}],"collection":[{"href":"https:\/\/www.garteln-in-wien.at\/plain_d\/wp-json\/wp\/v2\/pages"}],"about":[{"href":"https:\/\/www.garteln-in-wien.at\/plain_d\/wp-json\/wp\/v2\/types\/page"}],"author":[{"embeddable":true,"href":"https:\/\/www.garteln-in-wien.at\/plain_d\/wp-json\/wp\/v2\/users\/12"}],"replies":[{"embeddable":true,"href":"https:\/\/www.garteln-in-wien.at\/plain_d\/wp-json\/wp\/v2\/comments?post=4448"}],"version-history":[{"count":2,"href":"https:\/\/www.garteln-in-wien.at\/plain_d\/wp-json\/wp\/v2\/pages\/4448\/revisions"}],"predecessor-version":[{"id":4726,"href":"https:\/\/www.garteln-in-wien.at\/plain_d\/wp-json\/wp\/v2\/pages\/4448\/revisions\/4726"}],"wp:featuredmedia":[{"embeddable":true,"href":"https:\/\/www.garteln-in-wien.at\/plain_d\/wp-json\/wp\/v2\/media\/2620"}],"wp:attachment":[{"href":"https:\/\/www.garteln-in-wien.at\/plain_d\/wp-json\/wp\/v2\/media?parent=4448"}],"curies":[{"name":"wp","href":"https:\/\/api.w.org\/{rel}","templated":true}]}}