{"id":4660,"date":"2024-03-25T15:17:52","date_gmt":"2024-03-25T14:17:52","guid":{"rendered":"https:\/\/www.garteln-in-wien.at\/supermarkt-alternativen\/"},"modified":"2025-06-26T09:55:01","modified_gmt":"2025-06-26T07:55:01","slug":"supermarkt-alternativen","status":"publish","type":"page","link":"https:\/\/www.garteln-in-wien.at\/plain_d\/supermarkt-alternativen\/","title":{"rendered":"Supermarkt-Alternativen"},"content":{"rendered":"<h1><img loading=\"lazy\" decoding=\"async\" class=\"alignnone wp-image-4651\" src=\"https:\/\/www.garteln-in-wien.at\/wp-content\/uploads\/2024\/04\/mila-logo-1.png\" alt=\"\" width=\"95\" height=\"107\" \/> \u00a0 MILA &#8211; Mitmach-Supermarkt<\/h1>\n<p>MILA Mitmach-Supermarkt wirtschaftet anders als die gro\u00dfen Supermarktkonzerne, die den Lebensmittelmarkt dominieren: Bei MILA bekommst du Lebensmittel in hoher Qualit\u00e4t zu einem g\u00fcnstigen Preis. Als Genossenschaft geh\u00f6rt MILA den Mitgliedern. MILA ist offen f\u00fcr alle, die Freude an super gutem Essen haben und sich leistbare, hochwertige Lebensmittel und einen respektvollen Umgang mit den Produzent*innen und der Umwelt w\u00fcnschen. Unser Sortiment bestimmen wir Mitglieder. Viele unserer Produkte sind biologisch, regional, saisonal und so wenig verpackt wie m\u00f6glich. Wir haben auch g\u00fcnstige konventionelle Produkte. Wir bauen MILA in Wien nach dem Vorbild gemeinschaftlicher Superm\u00e4rkte in anderen St\u00e4dten auf. In Meidling betreiben wir bereits einen Minimarkt. Als n\u00e4chster Schritt folgt der gro\u00dfe MILA Mitmach-Supermarkt, der ein Vollsortiment mit mehreren tausend Produkten und \u00d6ffnungszeiten eines herk\u00f6mmlichen Supermarkts bieten wird.<\/p>\n<p><a href=\"https:\/\/www.mila.wien\/mitmachen\/minimarkt\/\"><strong>MILA Minimarkt<\/strong><\/a><\/p>\n<p><strong>Adresse:<\/strong> Vivenotgasse 29, 1120 Wien (Eingang ums Eck via Krichbaumgasse 25)<\/p>\n<p><strong>\u00d6ffnungszeiten:<br \/>\nMontags:\u00a0<\/strong>12 \u2013 19 Uhr<br \/>\n<strong>Dienstags:<\/strong>\u00a015 \u2013 19 Uhr<br \/>\n<strong>Freitags:\u00a0<\/strong>9 \u2013 19 Uhr<strong><br \/>\nSamstags:<\/strong>\u00a08 \u2013 16 Uhr<\/p>\n<p>Stille Stunde f\u00fcr reizarmes Einkaufen\u00a0immer samstags, 9 \u2013 10 Uhr und montags 14 \u2013 15 Uhr<\/p>\n<p>Der Eingang ist barrierefrei! (Mit Rampe). Das WC ist leider nicht barrierefrei.<\/p>\n<p><strong>Allgemeine Anfragen und Informationen zur Mitgliedschaft:<\/strong> <a href=\"&#x6d;&#x61;&#x69;&#x6c;&#x74;&#x6f;&#x3a;&#x6d;&#x69;&#x74;&#x6d;&#x61;&#x63;&#x68;&#x65;&#x6e;&#x40;&#x6d;&#x69;&#x6c;&#x61;&#x2e;&#119;&#105;&#101;&#110;\">&#109;&#x69;t&#109;&#x61;c&#104;&#x65;n&#x40;&#x6d;&#105;&#x6c;a&#46;&#x77;i&#101;&#x6e;<\/a><\/p>\n<p><strong>Web:<\/strong> <a href=\"http:\/\/www.mila.wien\/de\">www.mila.wien\/de<\/a><\/p>\n<p><img loading=\"lazy\" decoding=\"async\" class=\"alignnone wp-image-4585\" src=\"https:\/\/www.garteln-in-wien.at\/wp-content\/uploads\/2024\/04\/MILA_Mini-Markt_0423_395_Zoe-Opratko_web-1-700x700.jpg\" alt=\"\" width=\"277\" height=\"277\" srcset=\"https:\/\/www.garteln-in-wien.at\/wp-content\/uploads\/2024\/04\/MILA_Mini-Markt_0423_395_Zoe-Opratko_web-1-700x700.jpg 700w, https:\/\/www.garteln-in-wien.at\/wp-content\/uploads\/2024\/04\/MILA_Mini-Markt_0423_395_Zoe-Opratko_web-1-1024x1024.jpg 1024w, https:\/\/www.garteln-in-wien.at\/wp-content\/uploads\/2024\/04\/MILA_Mini-Markt_0423_395_Zoe-Opratko_web-1-150x150.jpg 150w, https:\/\/www.garteln-in-wien.at\/wp-content\/uploads\/2024\/04\/MILA_Mini-Markt_0423_395_Zoe-Opratko_web-1-768x768.jpg 768w, https:\/\/www.garteln-in-wien.at\/wp-content\/uploads\/2024\/04\/MILA_Mini-Markt_0423_395_Zoe-Opratko_web-1-1536x1536.jpg 1536w, https:\/\/www.garteln-in-wien.at\/wp-content\/uploads\/2024\/04\/MILA_Mini-Markt_0423_395_Zoe-Opratko_web-1.jpg 2000w\" sizes=\"auto, (max-width: 277px) 100vw, 277px\" \/> \u00a0\u00a0 <img loading=\"lazy\" decoding=\"async\" class=\"alignnone wp-image-4582\" src=\"https:\/\/www.garteln-in-wien.at\/wp-content\/uploads\/2024\/04\/MILA_Mini-Markt_0423_237_Zoe-Opratko_web-1-467x700.jpg\" alt=\"\" width=\"185\" height=\"277\" srcset=\"https:\/\/www.garteln-in-wien.at\/wp-content\/uploads\/2024\/04\/MILA_Mini-Markt_0423_237_Zoe-Opratko_web-1-467x700.jpg 467w, https:\/\/www.garteln-in-wien.at\/wp-content\/uploads\/2024\/04\/MILA_Mini-Markt_0423_237_Zoe-Opratko_web-1-683x1024.jpg 683w, https:\/\/www.garteln-in-wien.at\/wp-content\/uploads\/2024\/04\/MILA_Mini-Markt_0423_237_Zoe-Opratko_web-1-768x1151.jpg 768w, https:\/\/www.garteln-in-wien.at\/wp-content\/uploads\/2024\/04\/MILA_Mini-Markt_0423_237_Zoe-Opratko_web-1-1025x1536.jpg 1025w, https:\/\/www.garteln-in-wien.at\/wp-content\/uploads\/2024\/04\/MILA_Mini-Markt_0423_237_Zoe-Opratko_web-1.jpg 1334w\" sizes=\"auto, (max-width: 185px) 100vw, 185px\" \/> \u00a0\u00a0 <img loading=\"lazy\" decoding=\"async\" class=\"alignnone wp-image-4588\" src=\"https:\/\/www.garteln-in-wien.at\/wp-content\/uploads\/2024\/04\/MILA_Mini-Markt_0423_405_Zoe-Opratko_web-1-700x467.jpg\" alt=\"\" width=\"416\" height=\"278\" srcset=\"https:\/\/www.garteln-in-wien.at\/wp-content\/uploads\/2024\/04\/MILA_Mini-Markt_0423_405_Zoe-Opratko_web-1-700x467.jpg 700w, https:\/\/www.garteln-in-wien.at\/wp-content\/uploads\/2024\/04\/MILA_Mini-Markt_0423_405_Zoe-Opratko_web-1-1024x683.jpg 1024w, https:\/\/www.garteln-in-wien.at\/wp-content\/uploads\/2024\/04\/MILA_Mini-Markt_0423_405_Zoe-Opratko_web-1-768x512.jpg 768w, https:\/\/www.garteln-in-wien.at\/wp-content\/uploads\/2024\/04\/MILA_Mini-Markt_0423_405_Zoe-Opratko_web-1-1536x1025.jpg 1536w, https:\/\/www.garteln-in-wien.at\/wp-content\/uploads\/2024\/04\/MILA_Mini-Markt_0423_405_Zoe-Opratko_web-1.jpg 2000w\" sizes=\"auto, (max-width: 416px) 100vw, 416px\" \/><\/p>\n<p>&nbsp;<\/p>\n<hr \/>\n<p>&nbsp;<\/p>\n<h1><strong><img loading=\"lazy\" decoding=\"async\" class=\"alignnone wp-image-4609\" src=\"https:\/\/www.garteln-in-wien.at\/wp-content\/uploads\/2024\/04\/morgenrot-logo.jpg\" alt=\"\" width=\"196\" height=\"76\" \/> \u00a0\u00a0 morgenrot &#8211; die Alternative zum Supermarkt<br \/>\n<\/strong><\/h1>\n<p>Bei morgenrot erm\u00f6glichen wir dir einen einfachen Wocheneinkauf: bio, nachhaltig und fair. Unser Produktangebot kombiniert die Regionalit\u00e4t eines Bauernmarktes und den Direktbezug einer FoodCoop. Bei uns kaufst du frische und schmackhafte Lebensmittel aus biologischer bzw. \u00f6kologischer Landwirtschaft. Au\u00dferdem bekommst du alle Artikel des t\u00e4glichen Bedarfs, \u00e4hnlich wie im Supermarkt, aber doch anders. Kurz gesagt: wir werden vielleicht aussehen wie ein Supermarkt, sind aber keiner.<\/p>\n<p><strong>Regional, saisonal und direkt<\/strong><\/p>\n<p>In der Produktauswahl bei morgenrot gilt: \u00bbSo nah wie m\u00f6glich \u2013 so weit wie n\u00f6tig \u2013 und immer saisonal\u00ab. Als Alternative zum Supermarkt bieten wir auch einen Volleinkauf. Deswegen gibt es bei uns auch Bananen und Kaffee. Aber immer nach diesen Prinzipien:<\/p>\n<ul>\n<li>\u00bbso nah wie m\u00f6glich \u2013 so weit wie n\u00f6tig \u2013 und immer saisonal\u00ab<\/li>\n<li>faire Preise \u2013 f\u00fcr Bauern und Kunden<\/li>\n<li>Produkte von kleinstrukturierten Betrieben<\/li>\n<li>aus m\u00f6glichst nachhaltiger Landwirtschaft \u2013 oft biozertifiziert<\/li>\n<\/ul>\n<p><strong>Nachhaltigkeit durch Kooperation<\/strong><\/p>\n<p>Bei morgenrot wird echte Nachhaltigkeit gelebt. Als Alternative zum Supermarkt setzen wir ein starkes Zeichen der Kooperation. Kund:innen und Produzent:innen gemeinsam sind Eigent\u00fcmer ihres Ladens und der Genossenschaft. So sind sie in zentrale Entscheidungen eingebunden.<\/p>\n<p><strong>Einkaufen mit und ohne Mitgliedschaft<\/strong><\/p>\n<p>morgenrot steht allen offen, die bisher vergebens nach einer echten Alternative zum Supermarkt gesucht haben.<\/p>\n<div class=\"elementor-element elementor-element-b026003 elementor-widget elementor-widget-text-editor\" data-id=\"b026003\" data-element_type=\"widget\" data-widget_type=\"text-editor.default\">\n<div class=\"elementor-widget-container\">\n<p><strong>Der erste morgenrot Laden ist seit dem 9. Mai 2025 er\u00f6ffnet!<\/strong><\/p>\n<p><strong>Adresse:<\/strong><\/p>\n<p>Dornerplatz 6, 1170 Wien<\/p>\n<p><strong>\u00d6ffnungszeiten:<\/strong><\/p>\n<p><strong>Freitag:<\/strong> 14-19 Uhr<\/p>\n<p><strong>Samstag:<\/strong> 8-12:00<\/p>\n<p>Mitglieder k\u00f6nnen t\u00e4glich einkaufen.<\/p>\n<\/div>\n<\/div>\n<p><strong>Nachhaltig in morgenrot investieren \u2013 das ist jetzt auf der Plattform f\u00fcr Gemeinwohlprojekte m\u00f6glich:<\/strong><\/p>\n<p><a href=\"https:\/\/www.gemeinwohlprojekte.at\/projekte-unterstuetzen\/details\/projekt\/179\/\">Der ganz andere Lebensmittelladen von morgenrot eG: gemeinwohlprojekte.at<\/a><\/p>\n<p><strong>Kontakt:<\/strong><\/p>\n<p><strong>E-Mail:<\/strong> <a href=\"m&#97;&#x69;&#x6c;&#x74;o&#58;&#x68;&#x61;&#x6c;l&#111;&#x40;&#x6d;&#x6f;r&#103;&#x65;&#x6e;&#x72;o&#116;&#x2e;&#x77;&#x69;e&#110;\">h&#97;&#x6c;&#x6c;&#x6f;&#64;&#109;&#111;&#x72;&#x67;e&#110;&#114;&#x6f;&#x74;&#46;w&#105;&#x65;&#x6e;<\/a><\/p>\n<p><strong>Tel.:<\/strong> +43 677 64 74 04 94<\/p>\n<p><strong>Web:<\/strong> <a href=\"http:\/\/www.morgenrot.wien\">www.morgenrot.wien<\/a><\/p>\n<p><img loading=\"lazy\" decoding=\"async\" class=\" wp-image-4620\" src=\"https:\/\/www.garteln-in-wien.at\/wp-content\/uploads\/2024\/04\/morgenrot_genossenschaft-700x467.jpg\" alt=\"\" width=\"417\" height=\"279\" srcset=\"https:\/\/www.garteln-in-wien.at\/wp-content\/uploads\/2024\/04\/morgenrot_genossenschaft-700x467.jpg 700w, https:\/\/www.garteln-in-wien.at\/wp-content\/uploads\/2024\/04\/morgenrot_genossenschaft-1024x682.jpg 1024w, https:\/\/www.garteln-in-wien.at\/wp-content\/uploads\/2024\/04\/morgenrot_genossenschaft-768x512.jpg 768w, https:\/\/www.garteln-in-wien.at\/wp-content\/uploads\/2024\/04\/morgenrot_genossenschaft-1536x1024.jpg 1536w, https:\/\/www.garteln-in-wien.at\/wp-content\/uploads\/2024\/04\/morgenrot_genossenschaft.jpg 2000w\" sizes=\"auto, (max-width: 417px) 100vw, 417px\" \/><\/p>\n<p><img loading=\"lazy\" decoding=\"async\" class=\" wp-image-4623\" src=\"https:\/\/www.garteln-in-wien.at\/wp-content\/uploads\/2024\/04\/morgenrot_regenerative-landwirtschaft-700x467.jpg\" alt=\"\" width=\"417\" height=\"279\" srcset=\"https:\/\/www.garteln-in-wien.at\/wp-content\/uploads\/2024\/04\/morgenrot_regenerative-landwirtschaft-700x467.jpg 700w, https:\/\/www.garteln-in-wien.at\/wp-content\/uploads\/2024\/04\/morgenrot_regenerative-landwirtschaft-1024x682.jpg 1024w, https:\/\/www.garteln-in-wien.at\/wp-content\/uploads\/2024\/04\/morgenrot_regenerative-landwirtschaft-768x512.jpg 768w, https:\/\/www.garteln-in-wien.at\/wp-content\/uploads\/2024\/04\/morgenrot_regenerative-landwirtschaft-1536x1024.jpg 1536w, https:\/\/www.garteln-in-wien.at\/wp-content\/uploads\/2024\/04\/morgenrot_regenerative-landwirtschaft.jpg 2000w\" sizes=\"auto, (max-width: 417px) 100vw, 417px\" \/><\/p>\n<p>&nbsp;<\/p>\n<p>&nbsp;<\/p>\n","protected":false},"excerpt":{"rendered":"<p>\u00a0 MILA &#8211; Mitmach-Supermarkt MILA Mitmach-Supermarkt wirtschaftet anders als die gro\u00dfen Supermarktkonzerne, die den Lebensmittelmarkt dominieren: Bei MILA bekommst du<\/p>\n","protected":false},"author":12,"featured_media":0,"parent":0,"menu_order":0,"comment_status":"closed","ping_status":"closed","template":"","meta":{"footnotes":""},"class_list":["post-4660","page","type-page","status-publish","hentry"],"_links":{"self":[{"href":"https:\/\/www.garteln-in-wien.at\/plain_d\/wp-json\/wp\/v2\/pages\/4660","targetHints":{"allow":["GET"]}}],"collection":[{"href":"https:\/\/www.garteln-in-wien.at\/plain_d\/wp-json\/wp\/v2\/pages"}],"about":[{"href":"https:\/\/www.garteln-in-wien.at\/plain_d\/wp-json\/wp\/v2\/types\/page"}],"author":[{"embeddable":true,"href":"https:\/\/www.garteln-in-wien.at\/plain_d\/wp-json\/wp\/v2\/users\/12"}],"replies":[{"embeddable":true,"href":"https:\/\/www.garteln-in-wien.at\/plain_d\/wp-json\/wp\/v2\/comments?post=4660"}],"version-history":[{"count":6,"href":"https:\/\/www.garteln-in-wien.at\/plain_d\/wp-json\/wp\/v2\/pages\/4660\/revisions"}],"predecessor-version":[{"id":5119,"href":"https:\/\/www.garteln-in-wien.at\/plain_d\/wp-json\/wp\/v2\/pages\/4660\/revisions\/5119"}],"wp:attachment":[{"href":"https:\/\/www.garteln-in-wien.at\/plain_d\/wp-json\/wp\/v2\/media?parent=4660"}],"curies":[{"name":"wp","href":"https:\/\/api.w.org\/{rel}","templated":true}]}}